{"id":117,"date":"2019-03-13T15:09:59","date_gmt":"2019-03-13T14:09:59","guid":{"rendered":"http:\/\/wordpress.stumm-musical.de\/?page_id=117"},"modified":"2024-06-11T16:00:08","modified_gmt":"2024-06-11T14:00:08","slug":"ueber-uns","status":"publish","type":"page","link":"https:\/\/www.musicalprojekt-neunkirchen.de\/index.php\/ueber-uns\/","title":{"rendered":"\u00dcber uns"},"content":{"rendered":"<p>[et_pb_section fb_built=&#8221;1&#8243; fullwidth=&#8221;on&#8221; _builder_version=&#8221;4.16&#8243; background_color=&#8221;#3f3f3f&#8221; global_colors_info=&#8221;{}&#8221;][et_pb_fullwidth_menu _builder_version=&#8221;4.16&#8243; menu_font=&#8221;Actor|||||on|||&#8221; menu_text_color=&#8221;#ffffff&#8221; menu_font_size=&#8221;15px&#8221; background_color=&#8221;#53070d&#8221; menu_text_shadow_style=&#8221;preset1&#8243; global_colors_info=&#8221;{}&#8221;][\/et_pb_fullwidth_menu][\/et_pb_section][et_pb_section fb_built=&#8221;1&#8243; fullwidth=&#8221;on&#8221; _builder_version=&#8221;4.16&#8243; custom_padding=&#8221;0|0px|0|0px|false|false&#8221; global_colors_info=&#8221;{}&#8221;][et_pb_fullwidth_header _builder_version=&#8221;4.21.0&#8243; content_line_height=&#8221;1em&#8221; background_color=&#8221;#ffffff&#8221; background_image=&#8221;https:\/\/www.musicalprojekt-neunkirchen.de\/wp-content\/uploads\/2020\/07\/Header_v2.png&#8221; max_width=&#8221;100%&#8221; custom_margin=&#8221;||8px|||&#8221; custom_padding=&#8221;||80px|||&#8221; global_module=&#8221;109&#8243; global_colors_info=&#8221;{}&#8221;]<\/p>\n<p>&nbsp;<\/p>\n<p>&nbsp;<\/p>\n<p>&nbsp;<\/p>\n<p>&nbsp;<\/p>\n<p>[\/et_pb_fullwidth_header][\/et_pb_section][et_pb_section fb_built=&#8221;1&#8243; _builder_version=&#8221;4.16&#8243; global_colors_info=&#8221;{}&#8221;][et_pb_row _builder_version=&#8221;4.16&#8243; global_colors_info=&#8221;{}&#8221;][et_pb_column type=&#8221;4_4&#8243; _builder_version=&#8221;4.16&#8243; custom_padding=&#8221;|||&#8221; global_colors_info=&#8221;{}&#8221; custom_padding__hover=&#8221;|||&#8221;][et_pb_text _builder_version=&#8221;4.16&#8243; global_colors_info=&#8221;{}&#8221;]<\/p>\n<div class=\"csc-header csc-header-n1\">\n<h1 class=\"csc-firstHeader\">Das Projekt<\/h1>\n<\/div>\n<h2>Musical Projekt Neunkirchen \u2013 Ausgangslage, Ziele und Konzept<\/h2>\n<p class=\"bodytext\">Die Kreisstadt Neunkirchen hat in den letzten beiden Jahrzehnten einen erfolgreichen Wandel vom Montanstandort zum Handels- und Dienstleistungszentrum vollzogen.<\/p>\n<p class=\"bodytext\">Neunkirchen gilt heute als ein Musterbeispiel f\u00fcr den gelungen Strukturwandel in einer Montanregion. In diesen Bereichen ist das Image der Stadt auch \u00fcberregional positiv besetzt. Das \u201eStadtmarketing Neunkirchen\u201c ist bestrebt, durch die Entwicklung neuer Alleinstellungsmerkmale weiteren Imagegewinn f\u00fcr die Stadt zu erzielen.<\/p>\n<p class=\"bodytext\">Als Basis hierf\u00fcr dient das gro\u00dfe kulturelle und k\u00fcnstlerische Potential, dass sich in der Stadt und in der Region in den letzten Jahrzehnten herausgebildet hat.<\/p>\n<p class=\"bodytext\">Mit dem Neunkircher Musical Projekt sollen diese Kr\u00e4fte geb\u00fcndelt werden und in regelm\u00e4\u00dfigem Turnus eine Musical-Veranstaltung gemeinsam entwickeln und pr\u00e4sentieren.<\/p>\n<p class=\"bodytext\">Das Musical Projekt versteht sich also als eine Veranstaltung gestaltet von kulturell aktiven Menschen aus der Region f\u00fcr kulturell interessierte Menschen in der Region.<\/p>\n<p class=\"bodytext\">Bei diesem Projekt wird auf den Einkauf professioneller Protagonisten bewusst verzichtet. Unter Image- Aspekten strebt das Projekt eine positive Au\u00dfen- und Innenwirkung an. Diese auf Dauer angelegte Veranstaltungsform ist in dieser Form im s\u00fcddeutschen Raum einmalig.<\/p>\n<p class=\"bodytext\">Seit dem Jahr 2003 wird in der ehemaligen Gebl\u00e4sehalle im Alten H\u00fcttenAreal jeden Sommer eine Musical-Veranstaltung aufgef\u00fchrt. Die Veranstaltung soll jeweils eine Mischung aus Musik, Tanz, Schauspiel und Performance bieten. Das besondere Ambiente der Gebl\u00e4sehalle soll durch die jeweiligen Inszenierungen unterstrichen werden. So soll auch das Alte H\u00fcttenAreal (AHA)\u00a0mit dieser kulturellen Neunutzung aufgewertet werden.<\/p>\n<p class=\"bodytext\">Das \u201eMusical Projekt Neunkirchen\u201c ist eine in S\u00fcddeutschland einmalige Veranstaltung des Stadtmarketing Neunkirchen gemeinsam mit der Neunkircher Kulturgesellschaft.<\/p>\n<p>[\/et_pb_text][\/et_pb_column][\/et_pb_row][\/et_pb_section][et_pb_section fb_built=&#8221;1&#8243; fullwidth=&#8221;on&#8221; _builder_version=&#8221;4.16&#8243; global_colors_info=&#8221;{}&#8221;][et_pb_fullwidth_image src=&#8221;https:\/\/www.musicalprojekt-neunkirchen.de\/wp-content\/uploads\/2019\/08\/Footer_Sponsoren_v3.png&#8221; _builder_version=&#8221;3.27.3&#8243; global_module=&#8221;111&#8243; global_colors_info=&#8221;{}&#8221;][\/et_pb_fullwidth_image][\/et_pb_section]<\/p>\n","protected":false},"excerpt":{"rendered":"<p>&nbsp; &nbsp; &nbsp; &nbsp; Das Projekt Musical Projekt Neunkirchen \u2013 Ausgangslage, Ziele und Konzept Die Kreisstadt Neunkirchen hat in den letzten beiden Jahrzehnten einen erfolgreichen Wandel vom Montanstandort zum Handels- und Dienstleistungszentrum vollzogen. Neunkirchen gilt heute als ein Musterbeispiel f\u00fcr den gelungen Strukturwandel in einer Montanregion. In diesen Bereichen ist das Image der Stadt auch [&hellip;]<\/p>\n","protected":false},"author":1,"featured_media":0,"parent":0,"menu_order":0,"comment_status":"closed","ping_status":"closed","template":"","meta":{"_et_pb_use_builder":"on","_et_pb_old_content":"","_et_gb_content_width":"","footnotes":""},"class_list":["post-117","page","type-page","status-publish","hentry"],"_links":{"self":[{"href":"https:\/\/www.musicalprojekt-neunkirchen.de\/index.php\/wp-json\/wp\/v2\/pages\/117","targetHints":{"allow":["GET"]}}],"collection":[{"href":"https:\/\/www.musicalprojekt-neunkirchen.de\/index.php\/wp-json\/wp\/v2\/pages"}],"about":[{"href":"https:\/\/www.musicalprojekt-neunkirchen.de\/index.php\/wp-json\/wp\/v2\/types\/page"}],"author":[{"embeddable":true,"href":"https:\/\/www.musicalprojekt-neunkirchen.de\/index.php\/wp-json\/wp\/v2\/users\/1"}],"replies":[{"embeddable":true,"href":"https:\/\/www.musicalprojekt-neunkirchen.de\/index.php\/wp-json\/wp\/v2\/comments?post=117"}],"version-history":[{"count":5,"href":"https:\/\/www.musicalprojekt-neunkirchen.de\/index.php\/wp-json\/wp\/v2\/pages\/117\/revisions"}],"predecessor-version":[{"id":593,"href":"https:\/\/www.musicalprojekt-neunkirchen.de\/index.php\/wp-json\/wp\/v2\/pages\/117\/revisions\/593"}],"wp:attachment":[{"href":"https:\/\/www.musicalprojekt-neunkirchen.de\/index.php\/wp-json\/wp\/v2\/media?parent=117"}],"curies":[{"name":"wp","href":"https:\/\/api.w.org\/{rel}","templated":true}]}}