{"id":126,"date":"2019-03-13T15:23:23","date_gmt":"2019-03-13T14:23:23","guid":{"rendered":"http:\/\/wordpress.stumm-musical.de\/?page_id=126"},"modified":"2026-02-02T11:30:12","modified_gmt":"2026-02-02T10:30:12","slug":"das-kreativ-team","status":"publish","type":"page","link":"https:\/\/www.musicalprojekt-neunkirchen.de\/index.php\/das-kreativ-team\/","title":{"rendered":"Das Kreativ-Team"},"content":{"rendered":"<p>[et_pb_section fb_built=&#8221;1&#8243; fullwidth=&#8221;on&#8221; _builder_version=&#8221;4.16&#8243; background_color=&#8221;#3f3f3f&#8221; global_colors_info=&#8221;{}&#8221;][et_pb_fullwidth_menu _builder_version=&#8221;4.16&#8243; menu_font=&#8221;Actor|||||on|||&#8221; menu_text_color=&#8221;#ffffff&#8221; menu_font_size=&#8221;15px&#8221; background_color=&#8221;#53070d&#8221; menu_text_shadow_style=&#8221;preset1&#8243; global_colors_info=&#8221;{}&#8221;][\/et_pb_fullwidth_menu][\/et_pb_section][et_pb_section fb_built=&#8221;1&#8243; fullwidth=&#8221;on&#8221; _builder_version=&#8221;4.16&#8243; global_colors_info=&#8221;{}&#8221;][et_pb_fullwidth_header _builder_version=&#8221;4.21.0&#8243; content_line_height=&#8221;1em&#8221; background_color=&#8221;#ffffff&#8221; background_image=&#8221;https:\/\/www.musicalprojekt-neunkirchen.de\/wp-content\/uploads\/2020\/07\/Header_v2.png&#8221; max_width=&#8221;100%&#8221; custom_margin=&#8221;||8px|||&#8221; custom_padding=&#8221;||80px|||&#8221; global_module=&#8221;109&#8243; global_colors_info=&#8221;{}&#8221;]<\/p>\n<p>&nbsp;<\/p>\n<p>&nbsp;<\/p>\n<p>&nbsp;<\/p>\n<p>&nbsp;<\/p>\n<p>[\/et_pb_fullwidth_header][\/et_pb_section][et_pb_section fb_built=&#8221;1&#8243; _builder_version=&#8221;4.16&#8243; global_colors_info=&#8221;{}&#8221;][et_pb_row _builder_version=&#8221;4.16&#8243; global_colors_info=&#8221;{}&#8221;][et_pb_column type=&#8221;4_4&#8243; _builder_version=&#8221;4.16&#8243; custom_padding=&#8221;|||&#8221; global_colors_info=&#8221;{}&#8221; custom_padding__hover=&#8221;|||&#8221;][et_pb_team_member name=&#8221;Ellen K\u00e4rcher&#8221; image_url=&#8221;http:\/\/wordpress.stumm-musical.de\/wp-content\/uploads\/Portraits\/Ellen-Kaercher.png&#8221; _builder_version=&#8221;4.16&#8243; min_height=&#8221;316px&#8221; global_colors_info=&#8221;{}&#8221;]<\/p>\n<p>ist als Musicaldarstellerin, S\u00e4ngerin, Schauspielerin, Choreografin, Regisseurin und Dozentin t\u00e4tig und war an zahlreichen B\u00fchnen engagiert wie z.B. am Nationaltheater Mannheim, La Rochelle, Theater Dortmund, Philharmonie Essen, Staatstheater Saarbr\u00fccken, Theater des Westens Berlin, Kennedy Center\/Washington, Opernhaus Erfurt, Stadttheater W\u00fcrzburg, Zeltpalast Merzig, Theater Hagen, Opernhaus Wuppertal, Staatstheater Mainz und dort in unterschiedlichsten Rollen zu sehen. Eine Auswahl: Graziella (WEST SIDE STORY), Taxigirl (SWEET CHARITY), Starlett (Bombenstimmung\/Ufa-Revue), Sally Bowles (CABARET), Daisy\/Esther (FLETSCH), Eva Peron (EVITA), Luisa (THE FANTASTICKS), Velma Kelly (CHICAGO), Marie Dindon (LA CAGE AUX FOLLES).<\/p>\n<p><a href=\"ellen-kaercher-2\" target=\"_blank\" rel=\"noopener noreferrer\">Mehr lesen<\/a><\/p>\n<p>&nbsp;<\/p>\n<p>[\/et_pb_team_member][\/et_pb_column][\/et_pb_row][et_pb_row _builder_version=&#8221;4.16&#8243; global_colors_info=&#8221;{}&#8221;][et_pb_column type=&#8221;4_4&#8243; _builder_version=&#8221;4.16&#8243; custom_padding=&#8221;|||&#8221; global_colors_info=&#8221;{}&#8221; custom_padding__hover=&#8221;|||&#8221;][et_pb_team_member name=&#8221;Holger Hauer&#8221; image_url=&#8221;https:\/\/www.musicalprojekt-neunkirchen.de\/wp-content\/uploads\/2020\/05\/Holger-Hauer-Copy.png&#8221; _builder_version=&#8221;4.16&#8243; global_colors_info=&#8221;{}&#8221;]<\/p>\n<p>begann 1985 am Theater Oberhausen als Judas im Rockmusical \u201eJesus Christ Superstar\u201c seine professionelle Theaterlaufbahn.<\/p>\n<p>Er ist als Schauspieler, S\u00e4nger, Regisseur, Autor und \u00dcbersetzer am Theater und beim Fernsehen erfolgreich t\u00e4tig. In Rollen wie z.B. Albin\/Zaza in \u201eLa Cage aux Folles\u201c, Conferencier in \u201eCabaret\u201c, Frank\u00b4N Furter in \u201eThe Rocky Horror Show\u201c oder Prof. Higgins in \u201eMy Fair Lady\u201c war und ist er an vielen Theatern zu sehen.<\/p>\n<p>Im Fernsehen spielte er u.a. bei \u201eHinter Gittern\u201c, \u201eTatort\u201c, \u201eGZSZ\u201c, \u201eWilsberg\u201c und der mit dem Grimme-Preis ausgezeichneten ZDF-Serie \u201eKDD \u2013 Kriminaldauerdienst\u201c.<\/p>\n<p><a href=\"holger-hauer\" target=\"_blank\" rel=\"noopener noreferrer\">Mehr lesen<\/a><\/p>\n<p>[\/et_pb_team_member][\/et_pb_column][\/et_pb_row][et_pb_row _builder_version=&#8221;4.16&#8243; global_colors_info=&#8221;{}&#8221;][et_pb_column type=&#8221;4_4&#8243; _builder_version=&#8221;4.16&#8243; custom_padding=&#8221;|||&#8221; global_colors_info=&#8221;{}&#8221; custom_padding__hover=&#8221;|||&#8221;][et_pb_team_member name=&#8221;Francesco Cottone&#8221; image_url=&#8221;https:\/\/www.musicalprojekt-neunkirchen.de\/wp-content\/uploads\/2020\/05\/Francesco-Cottone-copy.png&#8221; _builder_version=&#8221;4.16&#8243; global_colors_info=&#8221;{}&#8221;]<\/p>\n<p>ist Komponist, Autor, S\u00e4nger, Musikproduzent und Vocal-Coach.<span class=\"Apple-converted-space\">\u00a0<\/span><\/p>\n<p>Er betreibt die erfolgreiche Gesangsschule \u201eVocalstudio\u201c in Neunkirchen.<\/p>\n<p>Als Vocal-Coach betreut er Stars wie \u201eDie Toten Hosen\u201c, \u201eBroilers\u201c, \u201ePowerwolf\u201c, \u201eThe Baseballs\u201c, \u201eDie Antilopen-Gang\u201c uvm.<\/p>\n<p>Als S\u00e4nger und Musiker bestritt er<span class=\"Apple-converted-space\">\u00a0<\/span>Konzertreisen, TV-Shows, Festivals und Tourneen in ganz Europa, Russland und USA, u.a. mit Sarah Connor, Melanie Thornton, Susan Weinert, Frank Nimsgern, Leads\u00e4nger bei \u201eThe Night of the Proms\u201c 1999 zusammen mit Alan Parsons, Mark King, DJ Bobo, Patricia Kaas uvm.<\/p>\n<p><a href=\"francesco-cottone-2\" target=\"_blank\" rel=\"noopener noreferrer\">Mehr lesen<\/a><\/p>\n<p><i><\/i><\/p>\n<p>[\/et_pb_team_member][\/et_pb_column][\/et_pb_row][et_pb_row _builder_version=&#8221;4.16&#8243; global_colors_info=&#8221;{}&#8221;][et_pb_column type=&#8221;4_4&#8243; _builder_version=&#8221;4.16&#8243; custom_padding=&#8221;|||&#8221; global_colors_info=&#8221;{}&#8221; custom_padding__hover=&#8221;|||&#8221;][et_pb_team_member name=&#8221;Amby Schillo&#8221; image_url=&#8221;http:\/\/wordpress.stumm-musical.de\/wp-content\/uploads\/Portraits\/Amby-Schillo.png&#8221; _builder_version=&#8221;4.16&#8243; global_colors_info=&#8221;{}&#8221;]<\/p>\n<p>z\u00e4hlt zu den vielseitigsten Musikern des Saarlandes und ist in vielen Bands aktiv.<span class=\"Apple-converted-space\">\u00a0<\/span><\/p>\n<p>An zahlreichen LP- und CD-Ver\u00f6ffentlichungen war er beteiligt.<\/p>\n<p>F\u00fcr das Musical Projekt schrieb er gemeinsam mit Andreas Puhl die Songs zu<span class=\"Apple-converted-space\">\u00a0<\/span>\u201eMerlin, wir k\u00f6nnen auch anders!\u201c,<span class=\"Apple-converted-space\">\u00a0<\/span>\u201eHOTEL, Lobby 20:30!\u201c, \u201eLysistrate\u201c, \u201eSTUMM\u201c und &#8230; <a href=\"amby-schillo-2\" target=\"_blank\" rel=\"noopener noreferrer\">Mehr lesen<\/a><span class=\"Apple-converted-space\"><\/span><\/p>\n<p>&nbsp;<\/p>\n<p>[\/et_pb_team_member][\/et_pb_column][\/et_pb_row][et_pb_row _builder_version=&#8221;4.16&#8243; global_colors_info=&#8221;{}&#8221; disabled_on=&#8221;on|on|on&#8221; disabled=&#8221;on&#8221;][et_pb_column type=&#8221;4_4&#8243; _builder_version=&#8221;4.16&#8243; custom_padding=&#8221;|||&#8221; global_colors_info=&#8221;{}&#8221; custom_padding__hover=&#8221;|||&#8221;][et_pb_team_member name=&#8221;Markus M\u00fcller&#8221; image_url=&#8221;https:\/\/www.musicalprojekt-neunkirchen.de\/wp-content\/uploads\/2021\/08\/Markus-Mueller-2.jpg&#8221; _builder_version=&#8221;4.16&#8243; global_colors_info=&#8221;{}&#8221;]<\/p>\n<p>Seit Sommer 2019 ist Markus M\u00fcller Mitglied des Kreativ Teams.<\/p>\n<p style=\"font-weight: 400;\">Der Gesch\u00e4ftsf\u00fchrer der Neunkircher Kulturgesellschaft hat 2002\/2003 das Musical Projekt (gemeinsam mit Martin Leutgeb und J\u00fcrgen Fried) geschaffen, entwickelt und seit dieser Zeit bis Anfang 2019 als Produktionsleiter entscheidend mitgepr\u00e4gt, bevor er den \u201eProduktionsstab\u201c an Nicolas Schneider \u00fcbergeben hat.<\/p>\n<p style=\"font-weight: 400;\">Er bringt sich als sozusagen \u201eEiner der drei V\u00e4ter\u201c des Musical Projekts in den kreativen Entwicklungsprozess mit ein.<\/p>\n<p style=\"font-weight: 400;\"><a href=\"https:\/\/www.musicalprojekt-neunkirchen.de\/index.php\/markus-mueller\/\">Mehr lesen<\/a><\/p>\n<p>[\/et_pb_team_member][\/et_pb_column][\/et_pb_row][\/et_pb_section][et_pb_section fb_built=&#8221;1&#8243; fullwidth=&#8221;on&#8221; _builder_version=&#8221;4.16&#8243; global_colors_info=&#8221;{}&#8221;][et_pb_fullwidth_image src=&#8221;https:\/\/www.musicalprojekt-neunkirchen.de\/wp-content\/uploads\/2024\/06\/Footer.png&#8221; title_text=&#8221;Footer&#8221; _builder_version=&#8221;4.21.0&#8243; global_module=&#8221;111&#8243; global_colors_info=&#8221;{}&#8221;][\/et_pb_fullwidth_image][\/et_pb_section]<\/p>\n","protected":false},"excerpt":{"rendered":"<p>&nbsp; &nbsp; &nbsp; &nbsp; ist als Musicaldarstellerin, S\u00e4ngerin, Schauspielerin, Choreografin, Regisseurin und Dozentin t\u00e4tig und war an zahlreichen B\u00fchnen engagiert wie z.B. am Nationaltheater Mannheim, La Rochelle, Theater Dortmund, Philharmonie Essen, Staatstheater Saarbr\u00fccken, Theater des Westens Berlin, Kennedy Center\/Washington, Opernhaus Erfurt, Stadttheater W\u00fcrzburg, Zeltpalast Merzig, Theater Hagen, Opernhaus Wuppertal, Staatstheater Mainz und dort in unterschiedlichsten [&hellip;]<\/p>\n","protected":false},"author":1,"featured_media":0,"parent":0,"menu_order":0,"comment_status":"closed","ping_status":"closed","template":"","meta":{"_et_pb_use_builder":"on","_et_pb_old_content":"","_et_gb_content_width":"","footnotes":""},"class_list":["post-126","page","type-page","status-publish","hentry"],"_links":{"self":[{"href":"https:\/\/www.musicalprojekt-neunkirchen.de\/index.php\/wp-json\/wp\/v2\/pages\/126","targetHints":{"allow":["GET"]}}],"collection":[{"href":"https:\/\/www.musicalprojekt-neunkirchen.de\/index.php\/wp-json\/wp\/v2\/pages"}],"about":[{"href":"https:\/\/www.musicalprojekt-neunkirchen.de\/index.php\/wp-json\/wp\/v2\/types\/page"}],"author":[{"embeddable":true,"href":"https:\/\/www.musicalprojekt-neunkirchen.de\/index.php\/wp-json\/wp\/v2\/users\/1"}],"replies":[{"embeddable":true,"href":"https:\/\/www.musicalprojekt-neunkirchen.de\/index.php\/wp-json\/wp\/v2\/comments?post=126"}],"version-history":[{"count":24,"href":"https:\/\/www.musicalprojekt-neunkirchen.de\/index.php\/wp-json\/wp\/v2\/pages\/126\/revisions"}],"predecessor-version":[{"id":694,"href":"https:\/\/www.musicalprojekt-neunkirchen.de\/index.php\/wp-json\/wp\/v2\/pages\/126\/revisions\/694"}],"wp:attachment":[{"href":"https:\/\/www.musicalprojekt-neunkirchen.de\/index.php\/wp-json\/wp\/v2\/media?parent=126"}],"curies":[{"name":"wp","href":"https:\/\/api.w.org\/{rel}","templated":true}]}}