{"id":180,"date":"2019-04-04T15:28:01","date_gmt":"2019-04-04T13:28:01","guid":{"rendered":"http:\/\/wordpress.stumm-musical.de\/?page_id=180"},"modified":"2021-08-22T19:51:54","modified_gmt":"2021-08-22T17:51:54","slug":"infos-zur-produktion","status":"publish","type":"page","link":"https:\/\/www.musicalprojekt-neunkirchen.de\/index.php\/infos-zur-produktion\/","title":{"rendered":"Meine Herren und Damen: Marie!"},"content":{"rendered":"<p>[et_pb_section fb_built=&#8221;1&#8243; fullwidth=&#8221;on&#8221; _builder_version=&#8221;3.22.3&#8243; background_color=&#8221;#3f3f3f&#8221;][et_pb_fullwidth_menu _builder_version=&#8221;3.20.2&#8243; menu_font=&#8221;Actor|||||on|||&#8221; menu_text_color=&#8221;#ffffff&#8221; menu_font_size=&#8221;15px&#8221; background_color=&#8221;#53070d&#8221; menu_text_shadow_style=&#8221;preset1&#8243;][\/et_pb_fullwidth_menu][\/et_pb_section][et_pb_section fb_built=&#8221;1&#8243; fullwidth=&#8221;on&#8221; _builder_version=&#8221;3.22.3&#8243; custom_padding=&#8221;0|0px|0|0px|false|false&#8221;][et_pb_fullwidth_header _builder_version=&#8221;4.5.1&#8243; content_line_height=&#8221;1em&#8221; background_color=&#8221;#ffffff&#8221; background_image=&#8221;https:\/\/www.musicalprojekt-neunkirchen.de\/wp-content\/uploads\/2020\/07\/Header_v2.png&#8221; max_width=&#8221;100%&#8221; global_module=&#8221;109&#8243;]<\/p>\n<p>&nbsp;<\/p>\n<p>&nbsp;<\/p>\n<p>&nbsp;<\/p>\n<p>&nbsp;<\/p>\n<p>[\/et_pb_fullwidth_header][\/et_pb_section][et_pb_section fb_built=&#8221;1&#8243; _builder_version=&#8221;3.22.3&#8243;][et_pb_row _builder_version=&#8221;3.25&#8243;][et_pb_column type=&#8221;4_4&#8243; _builder_version=&#8221;3.25&#8243; custom_padding=&#8221;|||&#8221; custom_padding__hover=&#8221;|||&#8221;][et_pb_text _builder_version=&#8221;3.27.4&#8243; background_color=&#8221;#53070d&#8221;]<\/p>\n<h1><span style=\"color: #ffffff;\"><\/span><\/h1>\n<h1><span style=\"color: #ffffff;\"><\/span><\/h1>\n<h1><span style=\"color: #ffffff;\"><\/span><\/h1>\n<h1><span style=\"color: #ffffff;\"><\/span><\/h1>\n<h1 style=\"text-align: center;\"><span style=\"color: #ffffff;\">Meine Herren und Damen: Marie!<\/span><\/h1>\n<h5 style=\"text-align: center;\"><span style=\"color: #ffffff;\">Musical nach dem Leben von Marie Juchacz<\/span><\/h5>\n<p><span style=\"color: #ffffff;\"><\/span><\/p>\n<p><span style=\"color: #ffffff;\"><\/span><\/p>\n<p><span style=\"color: #ffffff;\"><\/span>[\/et_pb_text][\/et_pb_column][\/et_pb_row][et_pb_row column_structure=&#8221;1_3,1_3,1_3&#8243; _builder_version=&#8221;4.9.10&#8243; custom_padding=&#8221;0px|||||&#8221; hover_enabled=&#8221;0&#8243; sticky_enabled=&#8221;0&#8243;][et_pb_column type=&#8221;1_3&#8243; _builder_version=&#8221;3.25&#8243; custom_padding=&#8221;|||&#8221; custom_padding__hover=&#8221;|||&#8221;][et_pb_text _builder_version=&#8221;4.9.10&#8243; hover_enabled=&#8221;0&#8243; sticky_enabled=&#8221;0&#8243;]<\/p>\n<h1>Das St\u00fcck<\/h1>\n<p>Ungeheuerlich muss das f\u00fcr die meisten der anwesenden Abgeordneten gewesen sein. \u201eMeine Herren und Damen\u2026\u201c, so er\u00f6ffnete Marie Juchacz ihre Rede vor der Weimarer Nationalversammlung am 19. Februar 1919. Sensationell nicht nur wegen der ungew\u00f6hnlichen Anrede, sondern viel mehr noch, weil es die allererste Rede einer Frau vor einem deutschen Parlament war.<\/p>\n<p>Von dieser bemerkenswerten Frau, von ihrer Zeit und den Zust\u00e4nden in der jungen Demokratie handelt das neue Musical \u201eMeine Herren und Damen: Marie!\u201c aus der Feder von Holger Hauer.<\/p>\n<p>Als Gr\u00fcnderin der Arbeiterwohlfahrt, engagierte Politikerin und Frauenrechtlerin hatte Marie gro\u00dfen Anteil an der politischen Entwicklung in Deutschland nach der Kaiserzeit. Grund genug f\u00fcr die AWO Saarland, ein Musical \u00fcber das Leben eben dieser engagierten Frau in Auftrag zu geben.<\/p>\n<p>Maries soziales Wesen, ihre Belesenheit, ihr starker Sinn f\u00fcr Gerechtigkeit und ihr Kampf f\u00fcr die Gleichberechtigung der Frauen, gleichzeitig die enge Beziehung zu ihrer Schwester, die Armut und das Elend der Jahre 1918\/19, aber auch die \u201aFeierwut\u2018 der Bessergestellten und der Umgang der M\u00e4nner mit Frauen, all das thematisiert dieses Musical.<\/p>\n<p>&nbsp;<\/p>\n<p>[\/et_pb_text][\/et_pb_column][et_pb_column type=&#8221;1_3&#8243; _builder_version=&#8221;3.25&#8243; custom_padding=&#8221;|||&#8221; custom_padding__hover=&#8221;|||&#8221;][et_pb_text _builder_version=&#8221;3.27.4&#8243;]<\/p>\n<h1>Die Musik<\/h1>\n<p>Musikalisch hat die neue Produktion einiges zu bieten. Ein breit gef\u00e4chertes Spektrum verschiedenster musikalischer Elemente zieht den Zuschauer in seinen Bann. Diese Mischung erstreckt sich vom sozialistischen Arbeiterlied und Kunstlied \u00fcber Unterhaltungsmusik der 20er Jahre, modernen Musicalsongs bis hin zu aktueller elektronischer Musik. Gepr\u00e4gt wird \u201eMeine Herren und Damen: Marie!\u201c auch von Musikstilen wie Jazz, Charleston, Burlesque, Tango und Walzer. Nat\u00fcrlich kommen auch die ernsten T\u00f6ne mit klangvollen Balladen nicht zu kurz. Die Kompositionen von Francesco Cottone und Amby Schillo bieten eine aufregende Reise durch die Musik.<\/p>\n<p>&nbsp;<\/p>\n<p>&nbsp;<\/p>\n<p>[\/et_pb_text][\/et_pb_column][et_pb_column type=&#8221;1_3&#8243; _builder_version=&#8221;3.25&#8243; custom_padding=&#8221;|||&#8221; custom_padding__hover=&#8221;|||&#8221;][et_pb_text _builder_version=&#8221;3.27.4&#8243;]<\/p>\n<h1>Die AWO und Marie Juchacz<\/h1>\n<p>Unter dem Motto \u201e100 Jahre AWO \u2013 Erfahrung f\u00fcr die Zukunft\u201c feiert die Arbeiterwohlfahrt Deutschland in diesem Jahr ihr 100-j\u00e4hriges Bestehen. Mit ihren zehn mal zehn Jahren z\u00e4hlt die AWO zu den \u00e4ltesten Wohlfahrtsverb\u00e4nden unseres Landes.<\/p>\n<p>Die Gr\u00fcnderin der AWO, Marie Juchacz, ist das Gesicht der AWO. Sie pr\u00e4gte ma\u00dfgeblich die Kernthemen <em>Frauenrechte<\/em>, <em>Vielfalt<\/em>, <em>Gegen Almosen \u2013 F\u00fcr Teilhabe<\/em>, <em>menschenw\u00fcrdiges Leben<\/em>, <em>Gerechtigkeit<\/em> und <em>Solidarit\u00e4t<\/em>. Von den N\u00f6ten und \u00c4ngsten der Armen und vieler Frauen w\u00e4hrend des ersten Weltkrieges bewegt, setzte Marie Juchacz 1919 ihre Idee zur Gr\u00fcndung einer sozialdemokratischen Wohlfahrtspflege um.<\/p>\n<p>Damit nicht genug, k\u00e4mpfte sie beherzt f\u00fcr das Frauenwahlrecht. Marie Juchacz leistete starken Widerstand gegen die Nationalsozialisten und musste ins Exil fliehen. Was sie nicht davon abhielt, ihre Stimme weiter f\u00fcr die zu erheben, die nicht geh\u00f6rt wurden.<\/p>\n<p>2019 begeht der Bundesverband der Arbeiterwohlfahrt mit seinen 30 Landes- und Bezirksverb\u00e4nden dieses gro\u00dfe Jubil\u00e4um. Jeder Landesverband startet eigene Aktionen und Veranstaltungen und so kam dem Landesverband Saarland e. V. mit seinem Vorsitzenden Marcel Dubois die Idee f\u00fcr ein eigenes Musical. Neben vielen weiteren Aktionen im Saarland stellen die Auff\u00fchrungen von \u201eMeine Herren und Damen: Marie!\u201c den H\u00f6hepunkt des Jubil\u00e4umsjahres im Saarland dar.<\/p>\n<p>&nbsp;<\/p>\n<p>[\/et_pb_text][\/et_pb_column][\/et_pb_row][\/et_pb_section][et_pb_section fb_built=&#8221;1&#8243; fullwidth=&#8221;on&#8221; _builder_version=&#8221;3.22.7&#8243;][et_pb_fullwidth_image src=&#8221;https:\/\/www.musicalprojekt-neunkirchen.de\/wp-content\/uploads\/2019\/08\/Footer_Sponsoren_v3.png&#8221; _builder_version=&#8221;3.27.3&#8243; global_module=&#8221;111&#8243;][\/et_pb_fullwidth_image][\/et_pb_section]<\/p>\n","protected":false},"excerpt":{"rendered":"<p>&nbsp; &nbsp; &nbsp; &nbsp; Meine Herren und Damen: Marie! Musical nach dem Leben von Marie Juchacz Das St\u00fcck Ungeheuerlich muss das f\u00fcr die meisten der anwesenden Abgeordneten gewesen sein. \u201eMeine Herren und Damen\u2026\u201c, so er\u00f6ffnete Marie Juchacz ihre Rede vor der Weimarer Nationalversammlung am 19. Februar 1919. Sensationell nicht nur wegen der ungew\u00f6hnlichen Anrede, sondern [&hellip;]<\/p>\n","protected":false},"author":1,"featured_media":0,"parent":0,"menu_order":0,"comment_status":"closed","ping_status":"closed","template":"","meta":{"_et_pb_use_builder":"on","_et_pb_old_content":"","_et_gb_content_width":"","footnotes":""},"class_list":["post-180","page","type-page","status-publish","hentry"],"_links":{"self":[{"href":"https:\/\/www.musicalprojekt-neunkirchen.de\/index.php\/wp-json\/wp\/v2\/pages\/180","targetHints":{"allow":["GET"]}}],"collection":[{"href":"https:\/\/www.musicalprojekt-neunkirchen.de\/index.php\/wp-json\/wp\/v2\/pages"}],"about":[{"href":"https:\/\/www.musicalprojekt-neunkirchen.de\/index.php\/wp-json\/wp\/v2\/types\/page"}],"author":[{"embeddable":true,"href":"https:\/\/www.musicalprojekt-neunkirchen.de\/index.php\/wp-json\/wp\/v2\/users\/1"}],"replies":[{"embeddable":true,"href":"https:\/\/www.musicalprojekt-neunkirchen.de\/index.php\/wp-json\/wp\/v2\/comments?post=180"}],"version-history":[{"count":9,"href":"https:\/\/www.musicalprojekt-neunkirchen.de\/index.php\/wp-json\/wp\/v2\/pages\/180\/revisions"}],"predecessor-version":[{"id":398,"href":"https:\/\/www.musicalprojekt-neunkirchen.de\/index.php\/wp-json\/wp\/v2\/pages\/180\/revisions\/398"}],"wp:attachment":[{"href":"https:\/\/www.musicalprojekt-neunkirchen.de\/index.php\/wp-json\/wp\/v2\/media?parent=180"}],"curies":[{"name":"wp","href":"https:\/\/api.w.org\/{rel}","templated":true}]}}