{"id":187,"date":"2019-05-07T09:48:37","date_gmt":"2019-05-07T07:48:37","guid":{"rendered":"http:\/\/wordpress.stumm-musical.de\/?page_id=187"},"modified":"2024-08-23T13:19:08","modified_gmt":"2024-08-23T11:19:08","slug":"vorverkaufs-infos","status":"publish","type":"page","link":"https:\/\/www.musicalprojekt-neunkirchen.de\/index.php\/vorverkaufs-infos\/","title":{"rendered":"Vorverkaufs-Infos"},"content":{"rendered":"<p>[et_pb_section fb_built=&#8221;1&#8243; fullwidth=&#8221;on&#8221; _builder_version=&#8221;4.16&#8243; background_color=&#8221;#3f3f3f&#8221; global_colors_info=&#8221;{}&#8221;][et_pb_fullwidth_menu _builder_version=&#8221;4.16&#8243; menu_font=&#8221;Actor|||||on|||&#8221; menu_text_color=&#8221;#ffffff&#8221; menu_font_size=&#8221;15px&#8221; background_color=&#8221;#53070d&#8221; menu_text_shadow_style=&#8221;preset1&#8243; global_colors_info=&#8221;{}&#8221;][\/et_pb_fullwidth_menu][\/et_pb_section][et_pb_section fb_built=&#8221;1&#8243; fullwidth=&#8221;on&#8221; _builder_version=&#8221;4.16&#8243; global_colors_info=&#8221;{}&#8221;][et_pb_fullwidth_header _builder_version=&#8221;4.21.0&#8243; content_line_height=&#8221;1em&#8221; background_color=&#8221;#ffffff&#8221; background_image=&#8221;https:\/\/www.musicalprojekt-neunkirchen.de\/wp-content\/uploads\/2020\/07\/Header_v2.png&#8221; max_width=&#8221;100%&#8221; custom_margin=&#8221;||8px|||&#8221; custom_padding=&#8221;||80px|||&#8221; global_module=&#8221;109&#8243; global_colors_info=&#8221;{}&#8221;]<\/p>\n<p>&nbsp;<\/p>\n<p>&nbsp;<\/p>\n<p>&nbsp;<\/p>\n<p>&nbsp;<\/p>\n<p>[\/et_pb_fullwidth_header][\/et_pb_section][et_pb_section fb_built=&#8221;1&#8243; _builder_version=&#8221;4.16&#8243; global_colors_info=&#8221;{}&#8221;][et_pb_row _builder_version=&#8221;4.16&#8243; global_colors_info=&#8221;{}&#8221;][et_pb_column type=&#8221;4_4&#8243; _builder_version=&#8221;4.16&#8243; custom_padding=&#8221;|||&#8221; global_colors_info=&#8221;{}&#8221; custom_padding__hover=&#8221;|||&#8221;][et_pb_text _builder_version=&#8221;4.16&#8243; global_colors_info=&#8221;{}&#8221;]<\/p>\n<h1>Vorverkaufs-Infos<\/h1>\n<p>[\/et_pb_text][\/et_pb_column][\/et_pb_row][et_pb_row column_structure=&#8221;1_3,1_3,1_3&#8243; _builder_version=&#8221;4.21.0&#8243; custom_margin=&#8221;|auto|5px|auto||&#8221; global_colors_info=&#8221;{}&#8221;][et_pb_column type=&#8221;1_3&#8243; _builder_version=&#8221;4.16&#8243; custom_padding=&#8221;|||&#8221; global_colors_info=&#8221;{}&#8221; custom_padding__hover=&#8221;|||&#8221;][et_pb_text _builder_version=&#8221;4.21.0&#8243; global_colors_info=&#8221;{}&#8221;]<\/p>\n<p>Die Karten zu &#8220;THE PROM &#8211; Der Abschlussball&#8221; kosten jeweils 26,00 \u20ac. Erm\u00e4\u00dfigte Karten f\u00fcr Sch\u00fcler und Studenten gibt es f\u00fcr 18,20 \u20ac. Weiter gibt es auch Erm\u00e4\u00dfigen f\u00fcr Menschen mit einer Behinderung.<\/p>\n<p><b><\/b><\/p>\n<p>[\/et_pb_text][\/et_pb_column][et_pb_column type=&#8221;1_3&#8243; _builder_version=&#8221;4.16&#8243; custom_padding=&#8221;|||&#8221; global_colors_info=&#8221;{}&#8221; custom_padding__hover=&#8221;|||&#8221;][et_pb_text _builder_version=&#8221;4.16&#8243; global_colors_info=&#8221;{}&#8221;]<\/p>\n<p>Tickets erhalten Sie bei allen bekannten Vorverkaufsstellen in der Region, bei der Hotline 0651\/9790777.<\/p>\n<p>[\/et_pb_text][et_pb_button button_text=&#8221;Ticket-Shop&#8221; _builder_version=&#8221;4.21.0&#8243; custom_button=&#8221;on&#8221; button_text_size=&#8221;12px&#8221; button_bg_color=&#8221;#53070d&#8221; button_font=&#8221;||||||||&#8221; background_layout=&#8221;dark&#8221; hover_enabled=&#8221;0&#8243; global_colors_info=&#8221;{}&#8221; button_url=&#8221;www.ticket-regional.de\/musicalprojekt&#8221; sticky_enabled=&#8221;0&#8243;][\/et_pb_button][\/et_pb_column][et_pb_column type=&#8221;1_3&#8243; _builder_version=&#8221;4.16&#8243; custom_padding=&#8221;|||&#8221; global_colors_info=&#8221;{}&#8221; custom_padding__hover=&#8221;|||&#8221;][et_pb_text _builder_version=&#8221;4.16&#8243; global_colors_info=&#8221;{}&#8221;]<\/p>\n<p>Hier finden Sie alle Vorverkaufsstellen im Saarland:<\/p>\n<p>[\/et_pb_text][et_pb_button button_url=&#8221;http:\/\/wordpress.stumm-musical.de\/wp-content\/uploads\/2019\/05\/VVK-Stellen-Saarland.pdf&#8221; button_text=&#8221;Vorverkaufsstellen&#8221; _builder_version=&#8221;4.16&#8243; custom_button=&#8221;on&#8221; button_text_size=&#8221;12px&#8221; button_bg_color=&#8221;#53070d&#8221; button_font=&#8221;||||||||&#8221; background_layout=&#8221;dark&#8221; hover_enabled=&#8221;0&#8243; global_colors_info=&#8221;{}&#8221; sticky_enabled=&#8221;0&#8243;][\/et_pb_button][\/et_pb_column][\/et_pb_row][et_pb_row _builder_version=&#8221;4.16&#8243; _module_preset=&#8221;default&#8221; global_colors_info=&#8221;{}&#8221;][et_pb_column type=&#8221;4_4&#8243; _builder_version=&#8221;4.16&#8243; _module_preset=&#8221;default&#8221; global_colors_info=&#8221;{}&#8221;][et_pb_text _builder_version=&#8221;4.16&#8243; _module_preset=&#8221;default&#8221; global_colors_info=&#8221;{}&#8221;]<\/p>\n<p>&nbsp;<\/p>\n<p>&nbsp;<\/p>\n<p>&nbsp;<\/p>\n<p>&nbsp;<\/p>\n<p>&nbsp;<\/p>\n<p>&nbsp;<\/p>\n<p>&nbsp;<\/p>\n<p>&nbsp;<\/p>\n<p>&nbsp;<\/p>\n<p>&nbsp;<\/p>\n<p>&nbsp;<\/p>\n<p>&nbsp;<\/p>\n<p>[\/et_pb_text][\/et_pb_column][\/et_pb_row][\/et_pb_section][et_pb_section fb_built=&#8221;1&#8243; fullwidth=&#8221;on&#8221; _builder_version=&#8221;4.16&#8243; global_colors_info=&#8221;{}&#8221;][et_pb_fullwidth_image src=&#8221;https:\/\/www.musicalprojekt-neunkirchen.de\/wp-content\/uploads\/2024\/06\/Footer.png&#8221; title_text=&#8221;Footer&#8221; _builder_version=&#8221;4.21.0&#8243; global_module=&#8221;111&#8243; global_colors_info=&#8221;{}&#8221;][\/et_pb_fullwidth_image][\/et_pb_section]<\/p>\n","protected":false},"excerpt":{"rendered":"<p>&nbsp; &nbsp; &nbsp; &nbsp; Vorverkaufs-InfosDie Karten zu &#8220;THE PROM &#8211; Der Abschlussball&#8221; kosten jeweils 26,00 \u20ac. Erm\u00e4\u00dfigte Karten f\u00fcr Sch\u00fcler und Studenten gibt es f\u00fcr 18,20 \u20ac. Weiter gibt es auch Erm\u00e4\u00dfigen f\u00fcr Menschen mit einer Behinderung. Tickets erhalten Sie bei allen bekannten Vorverkaufsstellen in der Region, bei der Hotline 0651\/9790777.Hier finden Sie alle Vorverkaufsstellen [&hellip;]<\/p>\n","protected":false},"author":1,"featured_media":0,"parent":0,"menu_order":0,"comment_status":"closed","ping_status":"closed","template":"","meta":{"_et_pb_use_builder":"on","_et_pb_old_content":"","_et_gb_content_width":"","footnotes":""},"class_list":["post-187","page","type-page","status-publish","hentry"],"_links":{"self":[{"href":"https:\/\/www.musicalprojekt-neunkirchen.de\/index.php\/wp-json\/wp\/v2\/pages\/187","targetHints":{"allow":["GET"]}}],"collection":[{"href":"https:\/\/www.musicalprojekt-neunkirchen.de\/index.php\/wp-json\/wp\/v2\/pages"}],"about":[{"href":"https:\/\/www.musicalprojekt-neunkirchen.de\/index.php\/wp-json\/wp\/v2\/types\/page"}],"author":[{"embeddable":true,"href":"https:\/\/www.musicalprojekt-neunkirchen.de\/index.php\/wp-json\/wp\/v2\/users\/1"}],"replies":[{"embeddable":true,"href":"https:\/\/www.musicalprojekt-neunkirchen.de\/index.php\/wp-json\/wp\/v2\/comments?post=187"}],"version-history":[{"count":12,"href":"https:\/\/www.musicalprojekt-neunkirchen.de\/index.php\/wp-json\/wp\/v2\/pages\/187\/revisions"}],"predecessor-version":[{"id":622,"href":"https:\/\/www.musicalprojekt-neunkirchen.de\/index.php\/wp-json\/wp\/v2\/pages\/187\/revisions\/622"}],"wp:attachment":[{"href":"https:\/\/www.musicalprojekt-neunkirchen.de\/index.php\/wp-json\/wp\/v2\/media?parent=187"}],"curies":[{"name":"wp","href":"https:\/\/api.w.org\/{rel}","templated":true}]}}