{"id":300,"date":"2020-05-04T12:08:34","date_gmt":"2020-05-04T10:08:34","guid":{"rendered":"http:\/\/www.musicalprojekt-neunkirchen.de\/?page_id=300"},"modified":"2020-05-04T12:13:26","modified_gmt":"2020-05-04T10:13:26","slug":"ellen-kaercher-2","status":"publish","type":"page","link":"https:\/\/www.musicalprojekt-neunkirchen.de\/index.php\/ellen-kaercher-2\/","title":{"rendered":"Ellen K\u00e4rcher"},"content":{"rendered":"<p>[et_pb_section fb_built=&#8221;1&#8243; fullwidth=&#8221;on&#8221; _builder_version=&#8221;3.22.3&#8243; background_color=&#8221;#3f3f3f&#8221;][et_pb_fullwidth_menu _builder_version=&#8221;3.20.2&#8243; menu_font=&#8221;Actor|||||on|||&#8221; menu_text_color=&#8221;#ffffff&#8221; menu_font_size=&#8221;15px&#8221; background_color=&#8221;#53070d&#8221; menu_text_shadow_style=&#8221;preset1&#8243;][\/et_pb_fullwidth_menu][\/et_pb_section][et_pb_section fb_built=&#8221;1&#8243; fullwidth=&#8221;on&#8221; _builder_version=&#8221;3.22.7&#8243;][et_pb_fullwidth_header _builder_version=&#8221;3.21.1&#8243; content_line_height=&#8221;1em&#8221; background_color=&#8221;#ffffff&#8221; background_image=&#8221;http:\/\/wordpress.stumm-musical.de\/wp-content\/uploads\/2019\/03\/20190314-Header.png&#8221; max_width=&#8221;100%&#8221; global_module=&#8221;109&#8243;]<\/p>\n<p>&nbsp;<\/p>\n<p>&nbsp;<\/p>\n<p>&nbsp;<\/p>\n<p>&nbsp;<\/p>\n<p>[\/et_pb_fullwidth_header][\/et_pb_section][et_pb_section fb_built=&#8221;1&#8243; _builder_version=&#8221;3.22.3&#8243;][et_pb_row _builder_version=&#8221;3.25&#8243;][et_pb_column type=&#8221;4_4&#8243; _builder_version=&#8221;3.25&#8243; custom_padding=&#8221;|||&#8221; custom_padding__hover=&#8221;|||&#8221;][et_pb_team_member name=&#8221;Ellen K\u00e4rcher&#8221; image_url=&#8221;http:\/\/wordpress.stumm-musical.de\/wp-content\/uploads\/Portraits\/Ellen-Kaercher.png&#8221; _builder_version=&#8221;4.4.5&#8243; min_height=&#8221;316px&#8221;]<\/p>\n<p>ist als Musicaldarstellerin, S\u00e4ngerin, Schauspielerin, Choreografin, Regisseurin und Dozentin t\u00e4tig und war an zahlreichen B\u00fchnen engagiert wie z.B. am Nationaltheater Mannheim, La Rochelle, Theater Dortmund, Philharmonie Essen, Staatstheater Saarbr\u00fccken, Theater des Westens Berlin, Kennedy Center\/Washington, Opernhaus Erfurt, Stadttheater W\u00fcrzburg, Zeltpalast Merzig, Theater Hagen, Opernhaus Wuppertal, Staatstheater Mainz und dort in unterschiedlichsten Rollen zu sehen. Eine Auswahl: Graziella (WEST SIDE STORY), Taxigirl (SWEET CHARITY), Starlett (Bombenstimmung\/Ufa-Revue), Sally Bowles (CABARET), Daisy\/Esther (FLETSCH), Eva Peron (EVITA), Luisa (THE FANTASTICKS), Velma Kelly (CHICAGO), Marie Dindon (LA CAGE AUX FOLLES).<\/p>\n<p>Zuletzt stand sie im Saarland im Mai\/Juni 2019 als \u201eColumbia\u201c in der ROCKY HORROR SHOW (und Choreografie) in der Neuen Gebl\u00e4sehalle Neunkirchen auf der B\u00fchne und ist weiterhin in einer Wiederaufnahme mit derselben Rolle am Theater Hagen (und zuk\u00fcnftigen Gastspielen) zu sehen.<\/p>\n<p>Sie stand auch f\u00fcr den HR, WDR, NDR\/FFV (u.a. im Fernsehfilm \u201eJimmy Allegretto\u201c und der Fernsehserie \u201eMagic\u201c) regelm\u00e4\u00dfig vor der Kamera. Daneben ist die vielseitige K\u00fcnstlerin mit Soloprogrammen, Galaauftritten und Musical-Comedy bundesweit unterwegs. Weiterhin: 2012 \u201eWasserphantasie\u201c (Choreografie),<span class=\"Apple-converted-space\">\u00a0 <\/span>2013 \u201e4ever&amp;ever-my Life and Pink<span class=\"Apple-converted-space\">\u00a0<\/span>Floyd\u201c(Libretto\/Inszenierung\/Choreografie) Tourproduktion, 2016\/17 \u201esteel-echt . Die Design- und Fashionshow\u201c mit Jochen Maas (Konzept\/Regie\/Choreografie\/Vocal), seit 2010 Dozentin an der Musicalschule Neunkirchen (Musical-Workshop), seit 2014 stellvertretende Schulleiterin und Gesangs&#8211;Dozentin an der staatlich anerkannten \u201eMusical Arts \u2013 Academy of performing Arts\u201c in Mainz.<span class=\"Apple-converted-space\">\u00a0<\/span><\/p>\n<p><span class=\"Apple-converted-space\"><\/span>In Neunkirchen war sie 2003 bei der Geburtsstunde des Musical Projekt Neunkirchens als Choreografin und Musicalspezialistin mit am Start und ist dem Projekt seitdem treu geblieben.<span class=\"Apple-converted-space\">\u00a0<\/span><\/p>\n<p>2006 tritt sie hier erstmals als Autorin von \u201eHotel. Lobby 20.30\u201c in Erscheinung. Des Weiteren folgte dann:<span class=\"Apple-converted-space\">\u00a0<\/span><\/p>\n<p>2011 \u201eBeGEISTert! Die Neunkircher Musical-Revue\u201c (Regie\/Choreografie) Text: E. K\u00e4rcher\/D. Meier<\/p>\n<p>2012\/13 \u201eDer Jedermann! Das Musical\u201c (Text\/Inszenierung\/Choreografie) Text: E. K\u00e4rcher\/D. Meier<\/p>\n<p>2014\/15 \u201eSTEAM. Das Fantasy-Musical\u201c Welturauff\u00fchrung (Inszenierung\/Choreografie) Buch+Libretto: E. K\u00e4rcher\/F. Cottone<\/p>\n<p>2016 \u201eSTUMM. Das Musical\u201c (Choreografie)<\/p>\n<p>2017\/18 \u201eThe Producers\u201c (Choreografie\/Kost\u00fcmbild)<span class=\"Apple-converted-space\">\u00a0<\/span><\/p>\n<p>2019 \u201eMeine Herren und Damen:<span class=\"Apple-converted-space\">\u00a0<\/span>Marie!\u201c (Choreografie\/Kost\u00fcmbild)<\/p>\n<p>Seit 2012 ist Ellen K\u00e4rcher die K\u00fcnstlerische Leiterin des Musical Projekt Neunkirchen.<\/p>\n<p><i>Mehr Infos unter <a href=\"http:\/\/www.ellen-kaercher.de\" target=\"_blank\" rel=\"noopener noreferrer\">www.ellen-kaercher.de<\/a><\/i><\/p>\n<p>[\/et_pb_team_member][\/et_pb_column][\/et_pb_row][\/et_pb_section][et_pb_section fb_built=&#8221;1&#8243; fullwidth=&#8221;on&#8221; _builder_version=&#8221;3.22.7&#8243;][et_pb_fullwidth_image src=&#8221;https:\/\/www.musicalprojekt-neunkirchen.de\/wp-content\/uploads\/2019\/08\/Footer_Sponsoren_v3.png&#8221; _builder_version=&#8221;3.27.3&#8243; global_module=&#8221;111&#8243;][\/et_pb_fullwidth_image][\/et_pb_section]<\/p>\n","protected":false},"excerpt":{"rendered":"<p>&nbsp; &nbsp; &nbsp; &nbsp; ist als Musicaldarstellerin, S\u00e4ngerin, Schauspielerin, Choreografin, Regisseurin und Dozentin t\u00e4tig und war an zahlreichen B\u00fchnen engagiert wie z.B. am Nationaltheater Mannheim, La Rochelle, Theater Dortmund, Philharmonie Essen, Staatstheater Saarbr\u00fccken, Theater des Westens Berlin, Kennedy Center\/Washington, Opernhaus Erfurt, Stadttheater W\u00fcrzburg, Zeltpalast Merzig, Theater Hagen, Opernhaus Wuppertal, Staatstheater Mainz und dort in unterschiedlichsten [&hellip;]<\/p>\n","protected":false},"author":1,"featured_media":0,"parent":0,"menu_order":0,"comment_status":"closed","ping_status":"closed","template":"","meta":{"_et_pb_use_builder":"on","_et_pb_old_content":"","_et_gb_content_width":"","footnotes":""},"class_list":["post-300","page","type-page","status-publish","hentry"],"_links":{"self":[{"href":"https:\/\/www.musicalprojekt-neunkirchen.de\/index.php\/wp-json\/wp\/v2\/pages\/300","targetHints":{"allow":["GET"]}}],"collection":[{"href":"https:\/\/www.musicalprojekt-neunkirchen.de\/index.php\/wp-json\/wp\/v2\/pages"}],"about":[{"href":"https:\/\/www.musicalprojekt-neunkirchen.de\/index.php\/wp-json\/wp\/v2\/types\/page"}],"author":[{"embeddable":true,"href":"https:\/\/www.musicalprojekt-neunkirchen.de\/index.php\/wp-json\/wp\/v2\/users\/1"}],"replies":[{"embeddable":true,"href":"https:\/\/www.musicalprojekt-neunkirchen.de\/index.php\/wp-json\/wp\/v2\/comments?post=300"}],"version-history":[{"count":4,"href":"https:\/\/www.musicalprojekt-neunkirchen.de\/index.php\/wp-json\/wp\/v2\/pages\/300\/revisions"}],"predecessor-version":[{"id":308,"href":"https:\/\/www.musicalprojekt-neunkirchen.de\/index.php\/wp-json\/wp\/v2\/pages\/300\/revisions\/308"}],"wp:attachment":[{"href":"https:\/\/www.musicalprojekt-neunkirchen.de\/index.php\/wp-json\/wp\/v2\/media?parent=300"}],"curies":[{"name":"wp","href":"https:\/\/api.w.org\/{rel}","templated":true}]}}