{"id":317,"date":"2020-05-04T12:20:07","date_gmt":"2020-05-04T10:20:07","guid":{"rendered":"http:\/\/www.musicalprojekt-neunkirchen.de\/?page_id=317"},"modified":"2020-05-06T11:33:04","modified_gmt":"2020-05-06T09:33:04","slug":"francesco-cottone-2","status":"publish","type":"page","link":"https:\/\/www.musicalprojekt-neunkirchen.de\/index.php\/francesco-cottone-2\/","title":{"rendered":"Francesco Cottone"},"content":{"rendered":"<p>[et_pb_section fb_built=&#8221;1&#8243; fullwidth=&#8221;on&#8221; _builder_version=&#8221;3.22.3&#8243; background_color=&#8221;#3f3f3f&#8221;][et_pb_fullwidth_menu _builder_version=&#8221;3.20.2&#8243; menu_font=&#8221;Actor|||||on|||&#8221; menu_text_color=&#8221;#ffffff&#8221; menu_font_size=&#8221;15px&#8221; background_color=&#8221;#53070d&#8221; menu_text_shadow_style=&#8221;preset1&#8243;][\/et_pb_fullwidth_menu][\/et_pb_section][et_pb_section fb_built=&#8221;1&#8243; fullwidth=&#8221;on&#8221; _builder_version=&#8221;3.22.7&#8243;][et_pb_fullwidth_header _builder_version=&#8221;3.21.1&#8243; content_line_height=&#8221;1em&#8221; background_color=&#8221;#ffffff&#8221; background_image=&#8221;http:\/\/wordpress.stumm-musical.de\/wp-content\/uploads\/2019\/03\/20190314-Header.png&#8221; max_width=&#8221;100%&#8221; global_module=&#8221;109&#8243;]<\/p>\n<p>&nbsp;<\/p>\n<p>&nbsp;<\/p>\n<p>&nbsp;<\/p>\n<p>&nbsp;<\/p>\n<p>[\/et_pb_fullwidth_header][\/et_pb_section][et_pb_section fb_built=&#8221;1&#8243; _builder_version=&#8221;3.22.3&#8243;][et_pb_row _builder_version=&#8221;3.25&#8243;][et_pb_column type=&#8221;4_4&#8243; _builder_version=&#8221;3.25&#8243; custom_padding=&#8221;|||&#8221; custom_padding__hover=&#8221;|||&#8221;][et_pb_team_member name=&#8221;Francesco Cottone&#8221; image_url=&#8221;https:\/\/www.musicalprojekt-neunkirchen.de\/wp-content\/uploads\/2020\/05\/Francesco-Cottone-copy.png&#8221; _builder_version=&#8221;4.4.5&#8243; hover_enabled=&#8221;0&#8243; title_text=&#8221;Francesco-Cottone-copy&#8221;]<\/p>\n<p>ist Komponist, Autor, S\u00e4nger, Musikproduzent und Vocal-Coach.<span class=\"Apple-converted-space\">\u00a0<\/span><\/p>\n<p>Er betreibt die erfolgreiche Gesangsschule \u201eVocalstudio\u201c in Neunkirchen.<\/p>\n<p>Als Vocal-Coach betreut er Stars wie \u201eDie Toten Hosen\u201c, \u201eBroilers\u201c, \u201ePowerwolf\u201c, \u201eThe Baseballs\u201c, \u201eDie Antilopen-Gang\u201c uvm.<\/p>\n<p>Als S\u00e4nger und Musiker bestritt er<span class=\"Apple-converted-space\">\u00a0<\/span>Konzertreisen, TV-Shows, Festivals und Tourneen in ganz Europa, Russland und USA, u.a. mit Sarah Connor, Melanie Thornton, Susan Weinert, Frank Nimsgern, Leads\u00e4nger bei \u201eThe Night of the Proms\u201c 1999 zusammen mit Alan Parsons, Mark King, DJ Bobo, Patricia Kaas uvm.<\/p>\n<p>Seit \u00fcber 20 Jahren produziert und ver\u00f6ffentlicht der geb\u00fcrtige Neunkircher mit sizilianischen Wurzeln Musik in vielen unterschiedlichen Genres.<span class=\"Apple-converted-space\">\u00a0<\/span><\/p>\n<p>2016 gr\u00fcndete er mit seinen Partnern das Label \u201eNeverturndown Records\u201c f\u00fcr<span class=\"Apple-converted-space\">\u00a0<\/span>elektronische und alternative Musik.<\/p>\n<p>Als Gesangsdozent ist er f\u00fcr Workshops &amp; Produktionen unterwegs und f\u00fcr die Gesangs- und Musicalworkshops in der Musicalschule Neunkirchen mitverantwortlich. Davor war er u.a. Dozent f\u00fcr Jazzgesang an der Hochschule f\u00fcr Musik in Saarbr\u00fccken.<span class=\"Apple-converted-space\">\u00a0<\/span><\/p>\n<p>Im Fr\u00fchjahr 2019 war er musikalischer Leiter und Bandleader der \u201eRocky Horror Show\u201c in Neunkirchen.<\/p>\n<p>Seit 2007 ist Francesco Cottone f\u00fcr das Musical Projekt als Vocal-Coach des Chors und der Solisten im Einsatz. F\u00fcr \u201eDer Jedermann! Das Musical\u201c war er bereits als Komponist im Team und weiterhin als Vocal-Coach im Einsatz.<\/p>\n<p>F\u00fcr \u201eSTEAM. Das Fantasy-Musical. Ein Augenblick in der Ewigkeit.\u201c schrieb er gemeinsam mit Ellen K\u00e4rcher das Buch und die Songtexte und komponierte mit Amby Schillo die Musik.<\/p>\n<p>Bei \u201eTHE PRODUCERS\u201c war er als musikalischer Leiter und Dirigent t\u00e4tig und sorgte f\u00fcr die Einstudierung der Songs und der Ensemblest\u00fccke.<\/p>\n<p>F\u00fcr \u201eMeine Herren und Damen: Marie!\u201c hat er gemeinsam mit Amby Schillo die Songs komponiert und orchestriert und ist als Musikalischer Leiter, Vocal-Coach und Bandleader t\u00e4tig.<\/p>\n<p><i>Mehr Infos unter <a href=\"http:\/\/www.cottonemusic.de\" target=\"_blank\" rel=\"noopener noreferrer\">www.cottonemusic.de<\/a><\/i><\/p>\n<p>[\/et_pb_team_member][\/et_pb_column][\/et_pb_row][\/et_pb_section][et_pb_section fb_built=&#8221;1&#8243; fullwidth=&#8221;on&#8221; _builder_version=&#8221;3.22.7&#8243;][et_pb_fullwidth_image src=&#8221;https:\/\/www.musicalprojekt-neunkirchen.de\/wp-content\/uploads\/2019\/08\/Footer_Sponsoren_v3.png&#8221; _builder_version=&#8221;3.27.3&#8243; global_module=&#8221;111&#8243;][\/et_pb_fullwidth_image][\/et_pb_section]<\/p>\n","protected":false},"excerpt":{"rendered":"<p>&nbsp; &nbsp; &nbsp; &nbsp; ist Komponist, Autor, S\u00e4nger, Musikproduzent und Vocal-Coach.\u00a0 Er betreibt die erfolgreiche Gesangsschule \u201eVocalstudio\u201c in Neunkirchen. Als Vocal-Coach betreut er Stars wie \u201eDie Toten Hosen\u201c, \u201eBroilers\u201c, \u201ePowerwolf\u201c, \u201eThe Baseballs\u201c, \u201eDie Antilopen-Gang\u201c uvm. Als S\u00e4nger und Musiker bestritt er\u00a0Konzertreisen, TV-Shows, Festivals und Tourneen in ganz Europa, Russland und USA, u.a. mit Sarah Connor, [&hellip;]<\/p>\n","protected":false},"author":1,"featured_media":0,"parent":0,"menu_order":0,"comment_status":"closed","ping_status":"closed","template":"","meta":{"_et_pb_use_builder":"on","_et_pb_old_content":"","_et_gb_content_width":"","footnotes":""},"class_list":["post-317","page","type-page","status-publish","hentry"],"_links":{"self":[{"href":"https:\/\/www.musicalprojekt-neunkirchen.de\/index.php\/wp-json\/wp\/v2\/pages\/317","targetHints":{"allow":["GET"]}}],"collection":[{"href":"https:\/\/www.musicalprojekt-neunkirchen.de\/index.php\/wp-json\/wp\/v2\/pages"}],"about":[{"href":"https:\/\/www.musicalprojekt-neunkirchen.de\/index.php\/wp-json\/wp\/v2\/types\/page"}],"author":[{"embeddable":true,"href":"https:\/\/www.musicalprojekt-neunkirchen.de\/index.php\/wp-json\/wp\/v2\/users\/1"}],"replies":[{"embeddable":true,"href":"https:\/\/www.musicalprojekt-neunkirchen.de\/index.php\/wp-json\/wp\/v2\/comments?post=317"}],"version-history":[{"count":3,"href":"https:\/\/www.musicalprojekt-neunkirchen.de\/index.php\/wp-json\/wp\/v2\/pages\/317\/revisions"}],"predecessor-version":[{"id":348,"href":"https:\/\/www.musicalprojekt-neunkirchen.de\/index.php\/wp-json\/wp\/v2\/pages\/317\/revisions\/348"}],"wp:attachment":[{"href":"https:\/\/www.musicalprojekt-neunkirchen.de\/index.php\/wp-json\/wp\/v2\/media?parent=317"}],"curies":[{"name":"wp","href":"https:\/\/api.w.org\/{rel}","templated":true}]}}