{"id":331,"date":"2020-05-06T11:08:04","date_gmt":"2020-05-06T09:08:04","guid":{"rendered":"http:\/\/www.musicalprojekt-neunkirchen.de\/?page_id=331"},"modified":"2021-08-30T09:25:09","modified_gmt":"2021-08-30T07:25:09","slug":"holger-hauer","status":"publish","type":"page","link":"https:\/\/www.musicalprojekt-neunkirchen.de\/index.php\/holger-hauer\/","title":{"rendered":"Holger Hauer"},"content":{"rendered":"<p>[et_pb_section fb_built=&#8221;1&#8243; fullwidth=&#8221;on&#8221; _builder_version=&#8221;3.22.3&#8243; background_color=&#8221;#3f3f3f&#8221; global_colors_info=&#8221;{}&#8221;][et_pb_fullwidth_menu _builder_version=&#8221;3.20.2&#8243; menu_font=&#8221;Actor|||||on|||&#8221; menu_text_color=&#8221;#ffffff&#8221; menu_font_size=&#8221;15px&#8221; background_color=&#8221;#53070d&#8221; menu_text_shadow_style=&#8221;preset1&#8243; global_colors_info=&#8221;{}&#8221;][\/et_pb_fullwidth_menu][\/et_pb_section][et_pb_section fb_built=&#8221;1&#8243; fullwidth=&#8221;on&#8221; _builder_version=&#8221;3.22.7&#8243; global_colors_info=&#8221;{}&#8221;][et_pb_fullwidth_header _builder_version=&#8221;4.5.1&#8243; content_line_height=&#8221;1em&#8221; background_color=&#8221;#ffffff&#8221; background_image=&#8221;https:\/\/www.musicalprojekt-neunkirchen.de\/wp-content\/uploads\/2020\/07\/Header_v2.png&#8221; max_width=&#8221;100%&#8221; global_module=&#8221;109&#8243; global_colors_info=&#8221;{}&#8221;]<\/p>\n<p>&nbsp;<\/p>\n<p>&nbsp;<\/p>\n<p>&nbsp;<\/p>\n<p>&nbsp;<\/p>\n<p>[\/et_pb_fullwidth_header][\/et_pb_section][et_pb_section fb_built=&#8221;1&#8243; _builder_version=&#8221;3.22.3&#8243; global_colors_info=&#8221;{}&#8221;][et_pb_row _builder_version=&#8221;3.25&#8243; global_colors_info=&#8221;{}&#8221;][et_pb_column type=&#8221;4_4&#8243; _builder_version=&#8221;3.25&#8243; custom_padding=&#8221;|||&#8221; global_colors_info=&#8221;{}&#8221; custom_padding__hover=&#8221;|||&#8221;][et_pb_team_member name=&#8221;Holger Hauer&#8221; image_url=&#8221;https:\/\/www.musicalprojekt-neunkirchen.de\/wp-content\/uploads\/2020\/05\/Holger-Hauer-Copy.png&#8221; _builder_version=&#8221;4.10.5&#8243; hover_enabled=&#8221;0&#8243; global_colors_info=&#8221;{}&#8221; title_text=&#8221;Holger-Hauer-Copy&#8221; sticky_enabled=&#8221;0&#8243;]<\/p>\n<p>begann 1985 am Theater Oberhausen als Judas im Rockmusical \u201eJesus Christ Superstar\u201c seine professionelle Theaterlaufbahn.<\/p>\n<p>Er ist als Schauspieler, S\u00e4nger, Regisseur, Autor und \u00dcbersetzer am Theater und beim Fernsehen erfolgreich t\u00e4tig. In Rollen wie z.B. Albin\/Zaza in \u201eLa Cage aux Folles\u201c, Conferencier in \u201eCabaret\u201c, Frank\u00b4N Furter in \u201eThe Rocky Horror Show\u201c oder Prof. Higgins in \u201eMy Fair Lady\u201c war und ist er an vielen Theatern zu sehen.<\/p>\n<p>Im Fernsehen spielte er u.a. bei \u201eHinter Gittern\u201c, \u201eTatort\u201c, \u201eGZSZ\u201c, \u201eWilsberg\u201c und der mit dem Grimme-Preis ausgezeichneten ZDF-Serie \u201eKDD \u2013 Kriminaldauerdienst\u201c.<\/p>\n<p>Seine Regiekarriere begann er in den 90ern am Staatstheater Saarbr\u00fccken. Seitdem inszenierte er mehr als drei\u00dfig St\u00fccke, u.a. in M\u00fcnchen und Berlin. Er geh\u00f6rt heute zu den renommiertesten Regisseuren im deutschsprachigen Musiktheater. 2016 und 2017 wurde er jeweils f\u00fcr ,Beste Regie\u2018 f\u00fcr den Deutschen Musical Theater Preis nominiert.<\/p>\n<p>Zu seinen erfolgreichen \u00dcbersetzungen z\u00e4hlen: \u201eBonnie &amp; Clyde\u201c von F. Wildhorn, \u201eZorro\u201c von den Gypsy Kings und \u201eRock of Ages\u201c.<\/p>\n<p>2018 inszenierte er u.a. am Schlosspark Theater in Berlin und am Theater Augsburg. Seine Inszenierung der Augsburger Urauff\u00fchrung \u201eHerz aus Gold \u2013 Das Fugger Musical\u201c wurde beim diesj\u00e4hrigen Deutschen Musical Theater Preis in gleich drei Kategorien ausgezeichnet.<\/p>\n<p>Im November 2021 wird er als Professor Fassbender bei der Weltpremiere des Musicals \u201eKu\u2018damm 56\u201c im Theater des Westens in Berlin auf der B\u00fchne stehen.<\/p>\n<p>\u201eMeine Herren und Damen: Marie!\u201c ist nach \u201eChristO \u2013 Die Rockoper\u201c und \u201eFletsch \u2013 Saturday Bite Fever\u201c seine dritte Arbeit, bei der er als Autor verantwortlich zeichnet.<\/p>\n<p><i>Mehr Infos unter <a href=\"http:\/\/www.holgerhauer.de\" target=\"_blank\" rel=\"noopener noreferrer\">www.holgerhauer.de<\/a><\/i><\/p>\n<p>&nbsp;<\/p>\n<p><i><\/i><\/p>\n<p>[\/et_pb_team_member][\/et_pb_column][\/et_pb_row][\/et_pb_section][et_pb_section fb_built=&#8221;1&#8243; fullwidth=&#8221;on&#8221; _builder_version=&#8221;3.22.7&#8243; global_colors_info=&#8221;{}&#8221;][et_pb_fullwidth_image src=&#8221;https:\/\/www.musicalprojekt-neunkirchen.de\/wp-content\/uploads\/2019\/08\/Footer_Sponsoren_v3.png&#8221; _builder_version=&#8221;3.27.3&#8243; global_module=&#8221;111&#8243; global_colors_info=&#8221;{}&#8221;][\/et_pb_fullwidth_image][\/et_pb_section]<\/p>\n","protected":false},"excerpt":{"rendered":"<p>&nbsp; &nbsp; &nbsp; &nbsp; begann 1985 am Theater Oberhausen als Judas im Rockmusical \u201eJesus Christ Superstar\u201c seine professionelle Theaterlaufbahn. Er ist als Schauspieler, S\u00e4nger, Regisseur, Autor und \u00dcbersetzer am Theater und beim Fernsehen erfolgreich t\u00e4tig. In Rollen wie z.B. Albin\/Zaza in \u201eLa Cage aux Folles\u201c, Conferencier in \u201eCabaret\u201c, Frank\u00b4N Furter in \u201eThe Rocky Horror Show\u201c [&hellip;]<\/p>\n","protected":false},"author":1,"featured_media":0,"parent":0,"menu_order":0,"comment_status":"closed","ping_status":"closed","template":"","meta":{"_et_pb_use_builder":"on","_et_pb_old_content":"","_et_gb_content_width":"","footnotes":""},"class_list":["post-331","page","type-page","status-publish","hentry"],"_links":{"self":[{"href":"https:\/\/www.musicalprojekt-neunkirchen.de\/index.php\/wp-json\/wp\/v2\/pages\/331","targetHints":{"allow":["GET"]}}],"collection":[{"href":"https:\/\/www.musicalprojekt-neunkirchen.de\/index.php\/wp-json\/wp\/v2\/pages"}],"about":[{"href":"https:\/\/www.musicalprojekt-neunkirchen.de\/index.php\/wp-json\/wp\/v2\/types\/page"}],"author":[{"embeddable":true,"href":"https:\/\/www.musicalprojekt-neunkirchen.de\/index.php\/wp-json\/wp\/v2\/users\/1"}],"replies":[{"embeddable":true,"href":"https:\/\/www.musicalprojekt-neunkirchen.de\/index.php\/wp-json\/wp\/v2\/comments?post=331"}],"version-history":[{"count":6,"href":"https:\/\/www.musicalprojekt-neunkirchen.de\/index.php\/wp-json\/wp\/v2\/pages\/331\/revisions"}],"predecessor-version":[{"id":405,"href":"https:\/\/www.musicalprojekt-neunkirchen.de\/index.php\/wp-json\/wp\/v2\/pages\/331\/revisions\/405"}],"wp:attachment":[{"href":"https:\/\/www.musicalprojekt-neunkirchen.de\/index.php\/wp-json\/wp\/v2\/media?parent=331"}],"curies":[{"name":"wp","href":"https:\/\/api.w.org\/{rel}","templated":true}]}}