{"id":406,"date":"2021-08-30T09:36:49","date_gmt":"2021-08-30T07:36:49","guid":{"rendered":"http:\/\/www.musicalprojekt-neunkirchen.de\/?page_id=406"},"modified":"2021-08-30T09:46:10","modified_gmt":"2021-08-30T07:46:10","slug":"markus-mueller","status":"publish","type":"page","link":"https:\/\/www.musicalprojekt-neunkirchen.de\/index.php\/markus-mueller\/","title":{"rendered":"Markus M\u00fcller"},"content":{"rendered":"<p>[et_pb_section fb_built=&#8221;1&#8243; fullwidth=&#8221;on&#8221; _builder_version=&#8221;3.22.3&#8243; background_color=&#8221;#3f3f3f&#8221; global_colors_info=&#8221;{}&#8221;][et_pb_fullwidth_menu _builder_version=&#8221;3.20.2&#8243; menu_font=&#8221;Actor|||||on|||&#8221; menu_text_color=&#8221;#ffffff&#8221; menu_font_size=&#8221;15px&#8221; background_color=&#8221;#53070d&#8221; menu_text_shadow_style=&#8221;preset1&#8243; global_colors_info=&#8221;{}&#8221;][\/et_pb_fullwidth_menu][\/et_pb_section][et_pb_section fb_built=&#8221;1&#8243; fullwidth=&#8221;on&#8221; _builder_version=&#8221;3.22.7&#8243; global_colors_info=&#8221;{}&#8221;][et_pb_fullwidth_header _builder_version=&#8221;4.5.1&#8243; content_line_height=&#8221;1em&#8221; background_color=&#8221;#ffffff&#8221; background_image=&#8221;https:\/\/www.musicalprojekt-neunkirchen.de\/wp-content\/uploads\/2020\/07\/Header_v2.png&#8221; max_width=&#8221;100%&#8221; global_module=&#8221;109&#8243; global_colors_info=&#8221;{}&#8221;]<\/p>\n<p>&nbsp;<\/p>\n<p>&nbsp;<\/p>\n<p>&nbsp;<\/p>\n<p>&nbsp;<\/p>\n<p>[\/et_pb_fullwidth_header][\/et_pb_section][et_pb_section fb_built=&#8221;1&#8243; _builder_version=&#8221;3.22.3&#8243; global_colors_info=&#8221;{}&#8221;][et_pb_row _builder_version=&#8221;3.25&#8243; global_colors_info=&#8221;{}&#8221;][et_pb_column type=&#8221;4_4&#8243; _builder_version=&#8221;3.25&#8243; custom_padding=&#8221;|||&#8221; global_colors_info=&#8221;{}&#8221; custom_padding__hover=&#8221;|||&#8221;][et_pb_team_member name=&#8221;Markus M\u00fcller&#8221; image_url=&#8221;https:\/\/www.musicalprojekt-neunkirchen.de\/wp-content\/uploads\/2021\/08\/Markus-Mueller.jpg&#8221; _builder_version=&#8221;4.10.5&#8243; hover_enabled=&#8221;0&#8243; global_colors_info=&#8221;{}&#8221; title_text=&#8221;Markus M\u00fcller&#8221; sticky_enabled=&#8221;0&#8243;]<\/p>\n<p style=\"font-weight: 400;\">Seit Sommer 2019 ist Markus M\u00fcller Mitglied des Kreativ Teams.<\/p>\n<p style=\"font-weight: 400;\">Der Gesch\u00e4ftsf\u00fchrer der Neunkircher Kulturgesellschaft hat 2002\/2003 das Musical Projekt (gemeinsam mit Martin Leutgeb und J\u00fcrgen Fried) geschaffen, entwickelt und seit dieser Zeit bis Anfang 2019 als Produktionsleiter entscheidend mitgepr\u00e4gt, bevor er den \u201eProduktionsstab\u201c an Nicolas Schneider \u00fcbergeben hat.<\/p>\n<p style=\"font-weight: 400;\">Er bringt sich als sozusagen \u201eEiner der drei V\u00e4ter\u201c des Musical Projekts in den kreativen Entwicklungsprozess mit ein.<\/p>\n<p style=\"font-weight: 400;\">K\u00fcnstlerisch ist M\u00fcller neben seinem Beruf unter anderem Mitglied des professionellen Theater-Kollektivs \u201eKorso.op\u201c (positive Erw\u00e4hnung in Theater Heute 2020).<\/p>\n<p style=\"font-weight: 400;\">Projektbezogen wirkte und wirkt er auch beim \u201eVolkstheater in der Kettenfabrik\u201c und in der freien Gruppe \u201emuellermeierschmidt\u201c mit.<\/p>\n<p style=\"font-weight: 400;\">Seine Aktivit\u00e4ten reichen von Inszenierungen \u00fcber Schauspielrollen bis hin zu Improvisationstheater und Autorenschaft szenischer Lesungen. Er spielte u. a. Max Bialystock\/Musical \u201eThe Producers\u201c, M\u00f6bius\/\u201eDie Physiker\u201c, Heinz B\u00f6sel\/\u201eIndien\u201c, Hamm\/\u201cEndspiel\u201c, Woyzeck\/\u201eWoyzeck\u201c oder Judas\/\u201eVerteidigungsrede des Judas\u201c. Er war zudem \u00fcber zwei Jahrzehnte Leiter der Amateurtheatertruppe \u201eDie Kulisse\u201c.<\/p>\n<p>&nbsp;<\/p>\n<p>[\/et_pb_team_member][\/et_pb_column][\/et_pb_row][\/et_pb_section][et_pb_section fb_built=&#8221;1&#8243; fullwidth=&#8221;on&#8221; _builder_version=&#8221;3.22.7&#8243; global_colors_info=&#8221;{}&#8221;][et_pb_fullwidth_image src=&#8221;https:\/\/www.musicalprojekt-neunkirchen.de\/wp-content\/uploads\/2019\/08\/Footer_Sponsoren_v3.png&#8221; _builder_version=&#8221;3.27.3&#8243; global_module=&#8221;111&#8243; global_colors_info=&#8221;{}&#8221;][\/et_pb_fullwidth_image][\/et_pb_section]<\/p>\n","protected":false},"excerpt":{"rendered":"<p>&nbsp; &nbsp; &nbsp; &nbsp; Seit Sommer 2019 ist Markus M\u00fcller Mitglied des Kreativ Teams. Der Gesch\u00e4ftsf\u00fchrer der Neunkircher Kulturgesellschaft hat 2002\/2003 das Musical Projekt (gemeinsam mit Martin Leutgeb und J\u00fcrgen Fried) geschaffen, entwickelt und seit dieser Zeit bis Anfang 2019 als Produktionsleiter entscheidend mitgepr\u00e4gt, bevor er den \u201eProduktionsstab\u201c an Nicolas Schneider \u00fcbergeben hat. Er bringt [&hellip;]<\/p>\n","protected":false},"author":1,"featured_media":0,"parent":0,"menu_order":0,"comment_status":"closed","ping_status":"closed","template":"","meta":{"_et_pb_use_builder":"on","_et_pb_old_content":"","_et_gb_content_width":"","footnotes":""},"class_list":["post-406","page","type-page","status-publish","hentry"],"_links":{"self":[{"href":"https:\/\/www.musicalprojekt-neunkirchen.de\/index.php\/wp-json\/wp\/v2\/pages\/406","targetHints":{"allow":["GET"]}}],"collection":[{"href":"https:\/\/www.musicalprojekt-neunkirchen.de\/index.php\/wp-json\/wp\/v2\/pages"}],"about":[{"href":"https:\/\/www.musicalprojekt-neunkirchen.de\/index.php\/wp-json\/wp\/v2\/types\/page"}],"author":[{"embeddable":true,"href":"https:\/\/www.musicalprojekt-neunkirchen.de\/index.php\/wp-json\/wp\/v2\/users\/1"}],"replies":[{"embeddable":true,"href":"https:\/\/www.musicalprojekt-neunkirchen.de\/index.php\/wp-json\/wp\/v2\/comments?post=406"}],"version-history":[{"count":3,"href":"https:\/\/www.musicalprojekt-neunkirchen.de\/index.php\/wp-json\/wp\/v2\/pages\/406\/revisions"}],"predecessor-version":[{"id":412,"href":"https:\/\/www.musicalprojekt-neunkirchen.de\/index.php\/wp-json\/wp\/v2\/pages\/406\/revisions\/412"}],"wp:attachment":[{"href":"https:\/\/www.musicalprojekt-neunkirchen.de\/index.php\/wp-json\/wp\/v2\/media?parent=406"}],"curies":[{"name":"wp","href":"https:\/\/api.w.org\/{rel}","templated":true}]}}