{"id":523,"date":"2024-02-01T15:53:18","date_gmt":"2024-02-01T14:53:18","guid":{"rendered":"http:\/\/www.musicalprojekt-neunkirchen.de\/?page_id=523"},"modified":"2024-02-29T13:08:08","modified_gmt":"2024-02-29T12:08:08","slug":"the-prom","status":"publish","type":"page","link":"https:\/\/www.musicalprojekt-neunkirchen.de\/index.php\/the-prom\/","title":{"rendered":"The Prom"},"content":{"rendered":"<p>[et_pb_section fb_built=&#8221;1&#8243; fullwidth=&#8221;on&#8221; _builder_version=&#8221;4.16&#8243; background_color=&#8221;#3f3f3f&#8221; global_colors_info=&#8221;{}&#8221;][et_pb_fullwidth_menu _builder_version=&#8221;4.16&#8243; menu_font=&#8221;Actor|||||on|||&#8221; menu_text_color=&#8221;#ffffff&#8221; menu_font_size=&#8221;15px&#8221; background_color=&#8221;#53070d&#8221; menu_text_shadow_style=&#8221;preset1&#8243; global_colors_info=&#8221;{}&#8221;][\/et_pb_fullwidth_menu][\/et_pb_section][et_pb_section fb_built=&#8221;1&#8243; fullwidth=&#8221;on&#8221; _builder_version=&#8221;4.16&#8243; custom_padding=&#8221;0|0px|0|0px|false|false&#8221; global_colors_info=&#8221;{}&#8221;][et_pb_fullwidth_header _builder_version=&#8221;4.21.0&#8243; content_line_height=&#8221;1em&#8221; background_color=&#8221;#ffffff&#8221; background_image=&#8221;https:\/\/www.musicalprojekt-neunkirchen.de\/wp-content\/uploads\/2020\/07\/Header_v2.png&#8221; max_width=&#8221;100%&#8221; custom_margin=&#8221;||8px|||&#8221; custom_padding=&#8221;||80px|||&#8221; global_module=&#8221;109&#8243; global_colors_info=&#8221;{}&#8221;]<\/p>\n<p>&nbsp;<\/p>\n<p>&nbsp;<\/p>\n<p>&nbsp;<\/p>\n<p>&nbsp;<\/p>\n<p>[\/et_pb_fullwidth_header][\/et_pb_section][et_pb_section fb_built=&#8221;1&#8243; _builder_version=&#8221;4.16&#8243; global_colors_info=&#8221;{}&#8221;][et_pb_row _builder_version=&#8221;4.16&#8243; global_colors_info=&#8221;{}&#8221;][et_pb_column type=&#8221;4_4&#8243; _builder_version=&#8221;4.16&#8243; custom_padding=&#8221;|||&#8221; global_colors_info=&#8221;{}&#8221; custom_padding__hover=&#8221;|||&#8221;][et_pb_image src=&#8221;https:\/\/www.musicalprojekt-neunkirchen.de\/wp-content\/uploads\/2024\/02\/PROM-Web-Banner.png&#8221; title_text=&#8221;PROM-Web-Banner&#8221; _builder_version=&#8221;4.21.0&#8243; _module_preset=&#8221;default&#8221; global_colors_info=&#8221;{}&#8221;][\/et_pb_image][\/et_pb_column][\/et_pb_row][et_pb_row column_structure=&#8221;1_3,1_3,1_3&#8243; _builder_version=&#8221;4.16&#8243; custom_padding=&#8221;0px|||||&#8221; global_colors_info=&#8221;{}&#8221;][et_pb_column type=&#8221;1_3&#8243; _builder_version=&#8221;4.16&#8243; custom_padding=&#8221;|||&#8221; global_colors_info=&#8221;{}&#8221; custom_padding__hover=&#8221;|||&#8221;][et_pb_text _builder_version=&#8221;4.21.0&#8243; global_colors_info=&#8221;{}&#8221;]<\/p>\n<h1>Das St\u00fcck<\/h1>\n<div>\n<p><span>Ein Flop am Broadway! Der Verriss in der New York Times ist so verheerend, dass sich Dee Dee und Barry, die Hauptdarsteller der Show, gezwungen sehen, ihr Image durch eine selbstlose Aktion aufzupolieren. Nach einiger Recherche f\u00e4llt ihre Aufmerksamkeit auf den Fall \u201eEmma\u201c, eine lesbische Sch\u00fclerin aus Indiana, der die Teilnahme am Abschlussball (Prom) mit ihrer Freundin Alyssa verwehrt wird. Dee Dee und Barry machen sich auf den Weg in die Provinz, um ihren pressewirksamen Einsatz gegen die Ungerechtigkeit aufzunehmen.<o:p><\/o:p><\/span><\/p>\n<\/div>\n<div>\n<p><span><\/span><\/p>\n<p>Dort k\u00e4mpft Emma ungebrochen optimistisch ihren Kampf um Anerkennung. Als sie ihr Recht tats\u00e4chlich durchgesetzt hat, wird sie reingelegt: Sie erscheint auf dem Abschlussball in einer leeren Veranstaltungshalle. Nicht einmal Alyssa ist dort \u2013 auch sie war get\u00e4uscht worden. Das inzwischen angereiste Schauspielerteam ermutigt sie, \u00f6ffentlichkeitswirksam dagegen vorzugehen. Doch Emma will ihren eigenen Weg gehen. Sie ver\u00f6ffentlicht ein Video mit einem Song, der ihren Gef\u00fchlen von Liebe, Ausgrenzung und Sehnsucht nach Anerkennung Ausdruck verleiht. Dieser verbreitet sich wie ein Lauffeuer und begeistert so sehr, dass Emma einen gro\u00dfen Kreis an Unterst\u00fctzern gewinnt und die Schule unter diesem Druck einen Ball f\u00fcr sie veranstalten muss. Doch nun ist kein Geld mehr f\u00fcr die Feier vorhanden. Das ruft Dee und Barry auf den Plan, die, wahrhaft ber\u00fchrt von Emmas Schicksal, inzwischen zu echten \u00dcberzeugungst\u00e4tern geworden sind und alles auf die Beine stellen, um die Finanzierung des Balls sicher zu stellen. Und so kommen Emma und Alyssa doch noch zu ihrem gemeinsamen Abschlussball, an dem sie sich endlich der \u00d6ffentlichkeit als gl\u00fcckliches Paar pr\u00e4sentieren d\u00fcrfen!<\/p>\n<\/div>\n<p>[\/et_pb_text][\/et_pb_column][et_pb_column type=&#8221;1_3&#8243; _builder_version=&#8221;4.16&#8243; custom_padding=&#8221;|||&#8221; global_colors_info=&#8221;{}&#8221; custom_padding__hover=&#8221;|||&#8221;][et_pb_text _builder_version=&#8221;4.21.0&#8243; global_colors_info=&#8221;{}&#8221;]<\/p>\n<h1>Das Kreativ-Team<\/h1>\n<p style=\"font-weight: 400;\">Das Team besteht aus Musicaldarstellerin und Choreografin Ellen K\u00e4rcher (K\u00fcnstlerische Leitung, Choreografie und Kost\u00fcmbild), Komponist und Vocalcoach Francesco Cottone (Musikalische Leitung und Vocalcoach), Musiker Amby Schillo, dem Gesch\u00e4ftsf\u00fchrer der Neunkircher Kulturgesellschaft Markus M\u00fcller und Produktionsleiter Nicolas Schneider. Neu dabei in diesem Jahr ist Regisseur, Autor und Musicaldarsteller Holger Hauer (2016\/17 nominiert f\u00fcr den Deutschen Musical Theater Preis \u201ebeste Regie\u201c), der f\u00fcr die Regie verantwortlich zeichnet und im Saarland und auch in Neunkirchen kein Unbekannter ist (er hat das Libretto und die Texte zu \u201eMeine Herren und Damen: Marie!\u201c und \u201e100! Die Neunkircher Stadtrevue\u201c geschrieben).<\/p>\n<p>&nbsp;<\/p>\n<p>&nbsp;<\/p>\n<p>[\/et_pb_text][\/et_pb_column][et_pb_column type=&#8221;1_3&#8243; _builder_version=&#8221;4.16&#8243; custom_padding=&#8221;|||&#8221; global_colors_info=&#8221;{}&#8221; custom_padding__hover=&#8221;|||&#8221;][et_pb_text _builder_version=&#8221;4.21.0&#8243; global_colors_info=&#8221;{}&#8221;]<\/p>\n<h1>Termine und Tickets<\/h1>\n<div>\n<p><span>Premiere f\u00fcr \u201eTHE PROM \u2013 Der Abschlussball\u201c ist am 23. August 2024 um 20 Uhr in der Neuen Gebl\u00e4sehalle Neunkirchen. Weitere Termine sind: 24.\/25.\/27.\/28.\/30.\/31.08. und 01.09.2024<\/span><\/p>\n<\/div>\n<div>\n<p><span><\/span><\/p>\n<p><span>Tickets gibt es bei allen bekannten Vorverkaufsstellen von Ticket-Regional, bei der Hotline (0651) 9790777.<o:p><\/o:p><\/span><\/p>\n<\/div>\n<p>[\/et_pb_text][et_pb_button button_text=&#8221;Ticket-Shop&#8221; _builder_version=&#8221;4.21.0&#8243; custom_button=&#8221;on&#8221; button_text_size=&#8221;18px&#8221; button_bg_color=&#8221;#53070d&#8221; button_font=&#8221;||||||||&#8221; background_layout=&#8221;dark&#8221; hover_enabled=&#8221;0&#8243; global_colors_info=&#8221;{}&#8221; theme_builder_area=&#8221;post_content&#8221; sticky_enabled=&#8221;0&#8243;][\/et_pb_button][\/et_pb_column][\/et_pb_row][\/et_pb_section][et_pb_section fb_built=&#8221;1&#8243; fullwidth=&#8221;on&#8221; _builder_version=&#8221;4.16&#8243; global_colors_info=&#8221;{}&#8221;][et_pb_fullwidth_image src=&#8221;https:\/\/www.musicalprojekt-neunkirchen.de\/wp-content\/uploads\/2019\/08\/Footer_Sponsoren_v3.png&#8221; _builder_version=&#8221;3.27.3&#8243; global_module=&#8221;111&#8243; global_colors_info=&#8221;{}&#8221;][\/et_pb_fullwidth_image][\/et_pb_section]<\/p>\n","protected":false},"excerpt":{"rendered":"<p>&nbsp; &nbsp; &nbsp; &nbsp; Das St\u00fcck Ein Flop am Broadway! Der Verriss in der New York Times ist so verheerend, dass sich Dee Dee und Barry, die Hauptdarsteller der Show, gezwungen sehen, ihr Image durch eine selbstlose Aktion aufzupolieren. Nach einiger Recherche f\u00e4llt ihre Aufmerksamkeit auf den Fall \u201eEmma\u201c, eine lesbische Sch\u00fclerin aus Indiana, der [&hellip;]<\/p>\n","protected":false},"author":1,"featured_media":0,"parent":0,"menu_order":0,"comment_status":"closed","ping_status":"closed","template":"","meta":{"_et_pb_use_builder":"on","_et_pb_old_content":"","_et_gb_content_width":"","footnotes":""},"class_list":["post-523","page","type-page","status-publish","hentry"],"_links":{"self":[{"href":"https:\/\/www.musicalprojekt-neunkirchen.de\/index.php\/wp-json\/wp\/v2\/pages\/523","targetHints":{"allow":["GET"]}}],"collection":[{"href":"https:\/\/www.musicalprojekt-neunkirchen.de\/index.php\/wp-json\/wp\/v2\/pages"}],"about":[{"href":"https:\/\/www.musicalprojekt-neunkirchen.de\/index.php\/wp-json\/wp\/v2\/types\/page"}],"author":[{"embeddable":true,"href":"https:\/\/www.musicalprojekt-neunkirchen.de\/index.php\/wp-json\/wp\/v2\/users\/1"}],"replies":[{"embeddable":true,"href":"https:\/\/www.musicalprojekt-neunkirchen.de\/index.php\/wp-json\/wp\/v2\/comments?post=523"}],"version-history":[{"count":5,"href":"https:\/\/www.musicalprojekt-neunkirchen.de\/index.php\/wp-json\/wp\/v2\/pages\/523\/revisions"}],"predecessor-version":[{"id":553,"href":"https:\/\/www.musicalprojekt-neunkirchen.de\/index.php\/wp-json\/wp\/v2\/pages\/523\/revisions\/553"}],"wp:attachment":[{"href":"https:\/\/www.musicalprojekt-neunkirchen.de\/index.php\/wp-json\/wp\/v2\/media?parent=523"}],"curies":[{"name":"wp","href":"https:\/\/api.w.org\/{rel}","templated":true}]}}