{"id":60,"date":"2019-02-21T11:41:30","date_gmt":"2019-02-21T10:41:30","guid":{"rendered":"http:\/\/www.taylor-records.de\/?page_id=60"},"modified":"2025-07-01T10:17:20","modified_gmt":"2025-07-01T08:17:20","slug":"60-2","status":"publish","type":"page","link":"https:\/\/www.musicalprojekt-neunkirchen.de\/index.php\/60-2\/","title":{"rendered":"Datenschutz"},"content":{"rendered":"<p>[et_pb_section fb_built=&#8221;1&#8243; fullwidth=&#8221;on&#8221; _builder_version=&#8221;4.16&#8243; background_color=&#8221;#3f3f3f&#8221; global_colors_info=&#8221;{}&#8221;][et_pb_fullwidth_menu _builder_version=&#8221;3.19.15&#8243; menu_font=&#8221;Actor|||||on|||&#8221; menu_text_color=&#8221;#ffffff&#8221; menu_font_size=&#8221;15px&#8221; background_color=&#8221;#53070d&#8221; menu_text_shadow_style=&#8221;preset1&#8243; global_module=&#8221;110&#8243; global_colors_info=&#8221;{}&#8221;][\/et_pb_fullwidth_menu][\/et_pb_section][et_pb_section fb_built=&#8221;1&#8243; fullwidth=&#8221;on&#8221; _builder_version=&#8221;4.16&#8243; custom_padding=&#8221;0|0px|0|0px|false|false&#8221; global_colors_info=&#8221;{}&#8221;][et_pb_fullwidth_header _builder_version=&#8221;4.21.0&#8243; content_line_height=&#8221;1em&#8221; background_color=&#8221;#ffffff&#8221; background_image=&#8221;https:\/\/www.musicalprojekt-neunkirchen.de\/wp-content\/uploads\/2020\/07\/Header_v2.png&#8221; max_width=&#8221;100%&#8221; custom_margin=&#8221;||8px|||&#8221; custom_padding=&#8221;||80px|||&#8221; global_module=&#8221;109&#8243; global_colors_info=&#8221;{}&#8221;]<\/p>\n<p>&nbsp;<\/p>\n<p>&nbsp;<\/p>\n<p>&nbsp;<\/p>\n<p>&nbsp;<\/p>\n<p>[\/et_pb_fullwidth_header][\/et_pb_section][et_pb_section fb_built=&#8221;1&#8243; _builder_version=&#8221;4.16&#8243; global_colors_info=&#8221;{}&#8221;][et_pb_row _builder_version=&#8221;4.16&#8243; global_colors_info=&#8221;{}&#8221;][et_pb_column type=&#8221;4_4&#8243; _builder_version=&#8221;4.16&#8243; custom_padding=&#8221;|||&#8221; global_colors_info=&#8221;{}&#8221; custom_padding__hover=&#8221;|||&#8221;][et_pb_text _builder_version=&#8221;4.27.4&#8243; hover_enabled=&#8221;0&#8243; global_colors_info=&#8221;{}&#8221; sticky_enabled=&#8221;0&#8243;]<\/p>\n<h1>Datenschutzhinweise<\/h1>\n<p>Die Nutzung dieser Website erfolgt nach Ma\u00dfgabe der vorliegenden Datenschutzhinweise.<br \/>Falls Sie nicht mit ihr einverstanden sind, m\u00f6chten wir Sie bitten, unsere Webseite nicht zu nutzen.<\/p>\n<p>Den Schutz der personenbezogenen Daten unserer Nutzer nehmen wir sehr ernst. Personenbezogene Daten sind Einzelangaben \u00fcber pers\u00f6nliche oder sachliche Verh\u00e4ltnisse einer bestimmten oder bestimmbaren nat\u00fcrlichen Person. Da diese Daten besonderen Schutz genie\u00dfen, werden sie nur im technisch erforderlichen Umfang erhoben. Die nachfolgend Datenschutzerkl\u00e4rung erl\u00e4utert, welche Informationen wir w\u00e4hrend Ihres Besuches auf unserer Internetseite erfassen und zu welchem Zweck diese benutzt werden.<\/p>\n<p>Unsere Datenschutzpraxis steht im Einklang mit den Regelungen des Bundesdatenschutzgesetzes (BDSG) und des Telemediengesetzes (TMG).<\/p>\n<p><strong>1. Verantwortliche Stelle \/ Kontaktm\u00f6glichkeiten<\/strong><\/p>\n<p>Verantwortliche Stelle im Sinne des Datenschutzrechts ist:<\/p>\n<p>Kreisstadt Neunkirchen<br \/>Oberer Markt 16<br \/>66538 Neunkirchen<br \/>E-Mail: kreisstadt(at)neunkirchen.de<br \/>Telefon: 06821 \/ 202-0<\/p>\n<p><strong>2. Datenschutzbeauftragter<\/strong><\/p>\n<p>In Fragen des Datenschutzes steht Ihnen unser Datenschutzbeauftragter zur Verf\u00fcgung:<\/p>\n<p>Herr Hans-J\u00fcrgen Kiefer<br \/>DSZ e.K.<\/p>\n<p>Saarpfalz-Park 1a<br \/>66450 Bexbach<\/p>\n<p>E-Mail: datenschutz(at)neunkirchen.de<\/p>\n<p><strong>3. Sicherheitshinweise zur Daten\u00fcbertragung im Internet<\/strong><\/p>\n<p>Die Kreisstadt Neunkirchen weist ausdr\u00fccklich darauf hin, dass die Daten\u00fcbertragung im Internet (z. B. beim Aufruf von Internetseiten oder der Kommunikation per E-Mail etc.) Sicherheitsl\u00fccken aufweisen kann und \u2013 abh\u00e4ngig von den jeweils eingerichteten technischen Schutzstandards des Webseitenanbieters und des Nutzers der Webseite (z. B. Firewall, Virenschutz, Webseiten-Sicherheitszertifikate etc.) \u2013 zum Teil nicht l\u00fcckenlos vor dem Zugriff durch Dritte gesch\u00fctzt werden kann. Generell wird Nutzern von IT-Ger\u00e4ten (auch mobile IT, wie Smartphones etc.), mit denen das Internet genutzt wird, empfohlen, zumindest aktuelle Virenschutz- und ggf. Firewall-Programme auf diesen IT-Ger\u00e4ten zu betreiben. Auch sollten nur aktuelle Versionen von Internetbrowsern sowie Betriebssystemen verwendet werden, da veraltete Versionen h\u00e4ufig Sicherheitsl\u00fccken aufweisen.<\/p>\n<p><strong>4. Server-Log-Dateien<\/strong><\/p>\n<p>Beim Besuch unserer Webseite werden Informationen \u00fcber Ihren Besuch unserer Seite erfasst und von Ihrem Browser automatisch an uns \u00fcbermittelt. Folgende Daten werden gespeichert:<\/p>\n<p>&#8211; IP Adresse<br \/>&#8211; Verwendeter Browser<br \/>&#8211; Name der aufgerufenen Seite<br \/>&#8211; Referrer URL<br \/>&#8211; Datum und Uhrzeit der Anfrage<br \/>&#8211; Abgerufene Datenmenge<br \/>&#8211; Zugriffstatus der Seite<\/p>\n<p>Eine Zusammenf\u00fchrung der Daten mit anderen Datenquellen erfolgt nicht. Diese Daten werden von uns ausschlie\u00dflich zu statistischen Zwecken ausgewertet, um unsere Webseite nutzerfreundlich zu gestalten.<\/p>\n<p>Diese Daten werden nur zum Zwecke der Gew\u00e4hrleistung eines reibungslosen Verbindungsaufbaus, sowie der Gew\u00e4hrleistung der komfortablen Nutzung der Webseite verarbeitet.<\/p>\n<p>Wir behalten uns jedoch vor, im Falle des konkreten Verdachts einer rechtswidrigen Nutzung unserer Webseite diese Protokolldateien n\u00e4her zu untersuchen.<\/p>\n<p><strong>5. Personenbezogene Daten und Zweck der Datenerhebung, -verarbeitung, -nutzung<\/strong><\/p>\n<p>Personenbezogene Daten sind Informationen, mit deren Hilfe eine Person identifiziert werden kann. Solche Daten sind z. B. Name, Anschrift, E-Mail-Adresse, Telefonnummer, Geburtsdatum, aber auch die IP-Adresse, die beim Besuch einer Webseite \u00fcbertragen wird.<\/p>\n<p>Personenbezogene Daten darf die Kreisstadt Neunkirchen nur erheben, verarbeiten und nutzen, soweit dies gesetzlich erlaubt ist oder Sie als Nutzer (Betroffener) in die Datenerhebung eingewilligt haben.<\/p>\n<p>Die Kreisstadt Neunkirchen erhebt personenbezogene Daten von Nutzern unserer Webseite und unserer Angebote auf folgende Arten:<\/p>\n<p>Hierbei befolgen wir stets die geltenden Vorschriften, insbesondere die Vorgaben des Bundesdatenschutzgesetzes (BDSG) bzw. geltender EU-Vorschriften.<\/p>\n<p>Wir werden keine personenbezogenen Daten von Ihnen erheben, verarbeiten oder nutzen, um ein vollst\u00e4ndiges Nutzerprofil von Ihnen zu erstellen.<\/p>\n<p>Die Kreisstadt Neunkirchen erhebt, verarbeitet und\/oder nutzt personenbezogene Daten somit zu folgenden Zwecken:<\/p>\n<p>\u2022 Zusendung von Informationen (z. B. durch Senden einer E-Mail etc.)<br \/>\u2022 Analyse des Besuchs unserer Webseite (Nutzungsdaten) zur Verbesserung unserer Webseite, Dienstleistungen (Nutzungsdaten) und Erf\u00fcllung gegebenenfalls bestehender gesetzlicher Verpflichtungen.<\/p>\n<p>Sofern der Zweck entfallen ist und keine gesetzlichen Aufbewahrungspflichten bestehen, werden Ihre personenbezogenen Daten vollst\u00e4ndig gel\u00f6scht.<\/p>\n<p><strong>6. Orte der Datenerhebung, -verarbeitung, -nutzung<\/strong><\/p>\n<p>Diese Website befindet sich auf einem Server in Deutschland. Ihre Daten werden somit auf unseren eigenen IT-Systemen unter Einhaltung der geltenden Datenschutzvorschriften und entsprechenden Datenschutzrichtlinien verarbeitet.<\/p>\n<p><strong>7. E-Mail-Adressen, Kontaktanfragen<\/strong><\/p>\n<p>Sie k\u00f6nnen uns zu Kommunikationszwecken eine E-Mail senden. Ihre personenbezogene E-Mailadresse werden wir dementsprechend nur zum Zweck der Kommunikation mit Ihnen verwenden. Wir erheben, verarbeiten und nutzen Ihre Daten ausschlie\u00dflich zum Zweck der Bearbeitung Ihrer Anfrage.<\/p>\n<p><strong>8.\u00dcbermittlung von Daten an Dritte und Subunternehmer nach \u00a711 BDSG<\/strong><\/p>\n<p>Zus\u00e4tzlich zu den eben beschriebenen Nutzungsarten teilt die Kreisstadt Neunkirchen Ihre Daten gegebenenfalls Dritten mit, die wir<br \/>\u2022 zur Abwicklung unserer Dienstleistungen,<br \/>\u2022 zur Durchf\u00fchrung und Abwicklung von gesetzlich erlaubten Werbema\u00dfnahmen<\/p>\n<p>Soweit die Kreisstadt Neunkirchen dazu gesetzlich verpflichtet ist, muss sie auf Anordnung der zust\u00e4ndigen (beh\u00f6rdlichen) Stellen im Einzelfall Auskunft \u00fcber diese Daten (in der Regel \u201eBestandsdaten\u201c) erteilen, insbesondere, wenn dies f\u00fcr Zwecke der Strafverfolgung, zur Gefahrenabwehr, zur Erf\u00fcllung der gesetzlichen Aufgaben der Verfassungsschutzbeh\u00f6rden etc. oder zur Durchsetzung der Rechte am Geistigen Eigentum erforderlich ist. Hierzu bedarf es aber stets einer entsprechenden rechtlichen Grundlage, die von uns und unseren Datenschutzbeauftragten gepr\u00fcft wird.<\/p>\n<p><strong>9. Berichtigungs-, L\u00f6schungs-, Sperrungs-, Auskunfts-, und Widerspruchsrecht<\/strong><\/p>\n<p>Als Nutzer unserer Webseite (Betroffener) haben Sie jederzeit ein Auskunftsrecht bzgl. der Art der von uns erhobenen, verarbeiteten und genutzten personenbezogenen Daten, des Umfangs der Nutzung ihrer personenbezogenen Daten des Zwecks der Datenerhebung, -verarbeitung, -nutzung , verarbeiten oder nutzender Empf\u00e4nger oder der Herkunft Ihrer personenbezogenen Daten. Sollte die Kreisstadt Neunkirchen personenbezogene Daten von Ihnen gespeichert haben, k\u00f6nnen Sie jederzeit die Berichtigung, L\u00f6schung oder Sperrung Ihrer personenbezogenen Daten verlangen. Ferner k\u00f6nnen Sie Datenerhebung, -verarbeitung oder -nutzung durch die Kreisstadt Neunkirchen jederzeit widersprechen.<\/p>\n<p>Hierzu bitten wir Sie, dies schriftlich per Post oder auf elektronischem Wege mitzuteilen an:<\/p>\n<p><strong>Verantwortliche Stelle:<\/strong><\/p>\n<p>Kreisstadt Neunkirchen<br \/>Oberer Markt 16<br \/>66538 Neunkirchen<br \/>E-Mail: kreisstadt(at)neunkirchen.de<br \/>Telefon: 06821 \/ 202-0<\/p>\n<p><strong>10. Links zu Webseiten Dritter<\/strong><\/p>\n<p>Sofern diese Webseite Verkn\u00fcpfungen zu Webseiten Dritter (&#8220;externe Links&#8221;) enth\u00e4lt, \u00fcbernimmt die Kreisstadt Neunkirchen keine Gew\u00e4hr f\u00fcr m\u00f6glicherweise rechtsverletzende oder rechtswidrige Inhalte auf diesen Webseiten oder f\u00fcr beim Besuch dieser Webseiten gegebenenfalls bestehende Sicherheitsrisiken. Die Kreisstadt Neunkirchen hat im \u00dcbrigen auch keinen Einfluss auf die aktuelle und zuk\u00fcnftige Gestaltung der Inhalte der verlinkten Seiten und insbesondere nicht, inwiefern beim Besuch der verlinkten Webseiten gegebenenfalls von Dritten personenbezogene Daten in rechtswidriger Weise erhoben, verarbeitet oder genutzt werden. Die Webseiten Dritter unterliegen der Haftung der jeweiligen Webseitenbetreiber bzw. der verantwortlichen Stellen im Sinne des BDSG. Sollten Sie Rechtsverst\u00f6\u00dfe auf verlinkten Webseiten feststellen, bitten wir Sie zun\u00e4chst den Webseitenbetreiber zu kontaktieren und uns eine entsprechende Nachricht zukommen zu lassen.<\/p>\n<p>Informationen zu dem Betreiber der jeweiligen Webseite sollten Sie in den Impressumsangaben, Nutzungsbedingungen oder Datenschutzrichtlinien (&#8220;Privacy Policies&#8221;) finden.<\/p>\n<p>Zum Zeitpunkt der Linksetzung waren f\u00fcr die Kreisstadt Neunkirchen keine Rechtsverst\u00f6\u00dfe ersichtlich. Das Setzen von externen Links bedeutet insbesondere nicht, dass die Kreisstadt Neunkirchen sich die \u00fcber den Link erreichbaren Inhalte zu Eigen macht. Sofern durch die verlinkten Inhalte Rechte Dritter oder geltende Gesetze verletzt werden, distanziert sich die Kreisstadt Neunkirchen ausdr\u00fccklich von den Inhalten dieser Seite(n).<\/p>\n<p>Eine st\u00e4ndige Kontrolle aller externen Links ist der Kreisstadt Neunkirchen ohne konkrete Hinweise auf Rechtsverst\u00f6\u00dfe nicht zumutbar. Bei Kenntnis von Rechtsverst\u00f6\u00dfen wird die Kreisstadt Neunkirchen jedoch derartige externe Links unverz\u00fcglich l\u00f6schen.<\/p>\n<p><strong>11. Werbeanzeigen Dritter oder Links zu anderen Websites<\/strong><\/p>\n<p>Werbeanzeigen Dritter oder Links zu anderen Websites, die auf unserer Website angezeigt werden, sammeln gegebenenfalls personenbezogene Nutzerdaten, wenn Sie auf die Werbung oder den Link klicken oder sonst den entsprechend eingeblendeten Anweisungen folgen. Wir haben keine Kontrolle \u00fcber die Daten, die \u00fcber Anzeigen oder Websites Dritter freiwillig oder unfreiwillig erhoben werden. Wir empfehlen, die Datenschutzerkl\u00e4rungen und Datenschutzrichtlinien (&#8220;Privacy Policies&#8221;) der beworbenen Webseiten zun\u00e4chst zu pr\u00fcfen! Wenn Sie Bedenken wegen der Rechtm\u00e4\u00dfigkeit der Erhebung und der Nutzung Ihrer Daten auf den Webseiten Dritter haben, sollten Sie den Betreiber der jeweiligen Webseite kontaktieren und uns ggf. eine kurze Mitteilung machen.<\/p>\n<p>Die Kreisstadt Neunkirchen verf\u00fcgt zwecks Informationsangebots \u00fcber einen Account im sozialen Netzwerk Facebook. Wir stellen hiermit klar, dass wir KEINE Social Plugins dieses Netzwerks verwenden.<br \/>Es werden demnach bei Besuch unserer Webseite noch keine Daten von Ihnen an die Server dieser Netzwerke \u00fcbermittelt.<\/p>\n<p>Weitere Hinweise zu den Datenschutzbestimmungen dieser Netzwerke finden Sie hier:<br \/>Facebook:<br \/>Facebook Inc.,<br \/>1601 S. California Ave,<br \/>Palo Alto, CA 94304, USA<br \/>www.facebook.com\/about\/privacy<\/p>\n<p><strong>12. Einbindung von Diensten<\/strong><\/p>\n<p>Wir haben zur Erweiterung unseres Serviceangebots f\u00fcr Sie auf unserer Webseite Inhalte Dritter, z. B. Kartenmaterial von Google-Maps eingebunden. Die Nutzung dieser Dienste setzt voraus, dass Ihre IP-Adresse an die jeweiligen Diensteanbieter \u00fcbermittelt wird. Wir haben keinen Einfluss darauf, ob die Anbieter dieser Dienste Ihre IP-Adresse auch f\u00fcr andere Zwecke nutzen. Sofern uns andere Nutzungsarten bekannt werden, werden wir Sie hier\u00fcber informieren.<\/p>\n<p><strong>13. \u00c4nderung der Datenschutzerkl\u00e4rung<\/strong><\/p>\n<p>Die Kreisstadt Neunkirchen beh\u00e4lt sich das Recht vor, die vorliegenden Datenschutzerkl\u00e4rung jederzeit entsprechend den gesetzlichen Vorschriften\/Vorgaben zu \u00e4ndern, zu erg\u00e4nzen oder Teile zu entfernen.<\/p>\n<p><strong>14. Zust\u00e4ndige Aufsichtsbeh\u00f6rde<\/strong><\/p>\n<p>Unabh\u00e4ngiges Datenschutzzentrum Saarland, Sitz Saarbr\u00fccken<br \/>Landesbeauftragte Frau Monika Grethel<br \/>Fritz-Dobisch-Stra\u00dfe 12<br \/>66111 Saarbr\u00fccken<br \/>Telefon +49 (0) 681 947 81-0<br \/>Telefax +49 (0) 681 947 81-29<br \/>E-Mail : poststelle@datenschutz.saarland.de<\/p>\n<p>[\/et_pb_text][\/et_pb_column][\/et_pb_row][\/et_pb_section][et_pb_section fb_built=&#8221;1&#8243; fullwidth=&#8221;on&#8221; _builder_version=&#8221;4.16&#8243; global_colors_info=&#8221;{}&#8221;][et_pb_fullwidth_image src=&#8221;https:\/\/www.musicalprojekt-neunkirchen.de\/wp-content\/uploads\/2024\/06\/Footer.png&#8221; title_text=&#8221;Footer&#8221; _builder_version=&#8221;4.21.0&#8243; global_module=&#8221;111&#8243; global_colors_info=&#8221;{}&#8221;][\/et_pb_fullwidth_image][\/et_pb_section]<\/p>\n","protected":false},"excerpt":{"rendered":"<p>[et_pb_section fb_built=&#8221;1&#8243; fullwidth=&#8221;on&#8221; _builder_version=&#8221;4.16&#8243; background_color=&#8221;#3f3f3f&#8221; global_colors_info=&#8221;{}&#8221;][et_pb_fullwidth_menu _builder_version=&#8221;3.19.15&#8243; menu_font=&#8221;Actor|||||on|||&#8221; menu_text_color=&#8221;#ffffff&#8221; menu_font_size=&#8221;15px&#8221; background_color=&#8221;#53070d&#8221; menu_text_shadow_style=&#8221;preset1&#8243; global_module=&#8221;110&#8243; global_colors_info=&#8221;{}&#8221;][\/et_pb_fullwidth_menu][\/et_pb_section][et_pb_section fb_built=&#8221;1&#8243; fullwidth=&#8221;on&#8221; _builder_version=&#8221;4.16&#8243; custom_padding=&#8221;0|0px|0|0px|false|false&#8221; global_colors_info=&#8221;{}&#8221;][et_pb_fullwidth_header _builder_version=&#8221;4.21.0&#8243; content_line_height=&#8221;1em&#8221; background_color=&#8221;#ffffff&#8221; background_image=&#8221;https:\/\/www.musicalprojekt-neunkirchen.de\/wp-content\/uploads\/2020\/07\/Header_v2.png&#8221; max_width=&#8221;100%&#8221; custom_margin=&#8221;||8px|||&#8221; custom_padding=&#8221;||80px|||&#8221; global_module=&#8221;109&#8243; global_colors_info=&#8221;{}&#8221;] &nbsp; &nbsp; &nbsp; &nbsp; [\/et_pb_fullwidth_header][\/et_pb_section][et_pb_section fb_built=&#8221;1&#8243; _builder_version=&#8221;4.16&#8243; global_colors_info=&#8221;{}&#8221;][et_pb_row _builder_version=&#8221;4.16&#8243; global_colors_info=&#8221;{}&#8221;][et_pb_column type=&#8221;4_4&#8243; _builder_version=&#8221;4.16&#8243; custom_padding=&#8221;|||&#8221; global_colors_info=&#8221;{}&#8221; custom_padding__hover=&#8221;|||&#8221;][et_pb_text _builder_version=&#8221;4.27.4&#8243; hover_enabled=&#8221;0&#8243; global_colors_info=&#8221;{}&#8221; sticky_enabled=&#8221;0&#8243;] Datenschutzhinweise Die Nutzung dieser Website erfolgt nach Ma\u00dfgabe [&hellip;]<\/p>\n","protected":false},"author":1,"featured_media":0,"parent":0,"menu_order":0,"comment_status":"closed","ping_status":"closed","template":"","meta":{"_et_pb_use_builder":"on","_et_pb_old_content":"","_et_gb_content_width":"","footnotes":""},"class_list":["post-60","page","type-page","status-publish","hentry"],"_links":{"self":[{"href":"https:\/\/www.musicalprojekt-neunkirchen.de\/index.php\/wp-json\/wp\/v2\/pages\/60","targetHints":{"allow":["GET"]}}],"collection":[{"href":"https:\/\/www.musicalprojekt-neunkirchen.de\/index.php\/wp-json\/wp\/v2\/pages"}],"about":[{"href":"https:\/\/www.musicalprojekt-neunkirchen.de\/index.php\/wp-json\/wp\/v2\/types\/page"}],"author":[{"embeddable":true,"href":"https:\/\/www.musicalprojekt-neunkirchen.de\/index.php\/wp-json\/wp\/v2\/users\/1"}],"replies":[{"embeddable":true,"href":"https:\/\/www.musicalprojekt-neunkirchen.de\/index.php\/wp-json\/wp\/v2\/comments?post=60"}],"version-history":[{"count":2,"href":"https:\/\/www.musicalprojekt-neunkirchen.de\/index.php\/wp-json\/wp\/v2\/pages\/60\/revisions"}],"predecessor-version":[{"id":672,"href":"https:\/\/www.musicalprojekt-neunkirchen.de\/index.php\/wp-json\/wp\/v2\/pages\/60\/revisions\/672"}],"wp:attachment":[{"href":"https:\/\/www.musicalprojekt-neunkirchen.de\/index.php\/wp-json\/wp\/v2\/media?parent=60"}],"curies":[{"name":"wp","href":"https:\/\/api.w.org\/{rel}","templated":true}]}}